{"id":10,"date":"2019-12-12T11:50:52","date_gmt":"2019-12-12T11:50:52","guid":{"rendered":"https:\/\/sites.ipleiria.pt\/4ciead\/?page_id=10"},"modified":"2024-02-28T21:03:24","modified_gmt":"2024-02-28T21:03:24","slug":"organizacao","status":"publish","type":"page","link":"https:\/\/sites.ipleiria.pt\/tecercomunidades\/organizacao\/","title":{"rendered":"Organiza\u00e7\u00e3o"},"content":{"rendered":"\n<p>CEIS20 &#8211; Universidade de Coimbra<br>EAPN &#8211; Rede Europeia Anti-Pobreza \/ Portugal, N\u00facleo Distrital de Leiria<br>Escola Superior de Educa\u00e7\u00e3o e Ci\u00eancias Sociais &#8211; Polit\u00e9cnico de Leiria&nbsp;<\/p>\n\n\n\n<p>Munic\u00edpio de Leiria<\/p>\n\n\n\n<p><\/p>\n\n\n\n<p><strong>Comiss\u00e3o Organizadora <\/strong><\/p>\n\n\n\n<p>Patr\u00edcia Martins \u2013 Ceis 20 \/ Universidade de Coimbra (FCT Ref\u00aa <a href=\"http:\/\/2022.12262.bd\/\">2022.12262.BD<\/a>)<br>Fernando Matos Oliveira &#8211; Ceis 20\/Universidade de Coimbra\u00a0<br>Patr\u00edcia Grilo &#8211;\u00a0EAPN Portugal\/N\u00facleo Distrital de Leiria<br>Carolina Cravo &#8211; EAPN Portugal\/N\u00facleo Distrital de Leiria<br>Joana \u00a0Ervilha &#8211; EAPN Portugal\/N\u00facleo Distrital de Leiria<br>Filipa Rodrigues &#8211; Escola Superior de Educa\u00e7\u00e3o e Ci\u00eancias Sociais\/Polit\u00e9cnico de Leiria<br>Ana Paula Proen\u00e7a &#8211; Escola Superior de Educa\u00e7\u00e3o e Ci\u00eancias Sociais\/Centro de Estudos em Educa\u00e7\u00e3o e Inova\u00e7\u00e3o &#8211; Polit\u00e9cnico de Leiria<br>Ana Margarida Carreira &#8211; Escola Superior de Educa\u00e7\u00e3o e Ci\u00eancias Sociais\/Centro de Estudos em Educa\u00e7\u00e3o e Inova\u00e7\u00e3o-Polit\u00e9cnico de Leiria<br><\/p>\n\n\n\n<p>C\u00e9lia Rodrigues | Munic\u00edpio de Leiria <\/p>\n\n\n\n<p>Ana Filipa Soledade | Munic\u00edpio de Leiria<\/p>\n\n\n\n<p><\/p>\n\n\n\n<p><strong>Comiss\u00e3o Cient\u00edfica<\/strong> : <br><\/p>\n\n\n\n<p>Patr\u00edcia Martins  | Ceis 20 \/ Universidade de Coimbra (FCT Ref\u00aa <a href=\"http:\/\/2022.12262.bd\/\">2022.12262.BD<\/a>)<\/p>\n\n\n\n<p>V\u00e2nia Rodrigues  | Ceis 20\/Universidade de Coimbra<\/p>\n\n\n\n<p>Patr\u00edcia Grilo | EAPN Portugal\/N\u00facleo Distrital de Leiria<\/p>\n\n\n\n<p>Pedro Morou\u00e7o | Escola Superior de Educa\u00e7\u00e3o e Ci\u00eancias Sociais\/Polit\u00e9cnico de Leiria&nbsp;<\/p>\n\n\n\n<p>Jenny Sousa | Escola Superior de Educa\u00e7\u00e3o e Ci\u00eancias Sociais\/Polit\u00e9cnico de Leiria<\/p>\n\n\n\n<p>Filipa Rodrigues |  Escola Superior de Educa\u00e7\u00e3o e Ci\u00eancias Sociais\/Polit\u00e9cnico de Leiria<br>Ana Paula Proen\u00e7a |  Escola Superior de Educa\u00e7\u00e3o e Ci\u00eancias Sociais\/Polit\u00e9cnico de Leiria<br>Ana Margarida Carreira |  Escola Superior de Educa\u00e7\u00e3o e Ci\u00eancias Sociais\/Polit\u00e9cnico de Leiria<\/p>\n\n\n\n<p>Andreia Dias | Instituto de Educa\u00e7\u00e3o e Faculdade de Belas Artes de Lisboa, CIEBA e CITCEM, CAM \u2013 Centro de Arte Moderna da Funda\u00e7\u00e3o Calouste Gulbenkian<\/p>\n\n\n\n<p>Joana Mendon\u00e7a | Instituto Polit\u00e9cnico do Porto &#8211; Escola Superior de Educa\u00e7\u00e3o<\/p>\n\n\n\n<p>Olga Morou\u00e7o | LeiriMar<\/p>\n\n\n\n<p>Jo\u00e3o Fernandes | Instituto Polit\u00e9cnico de Lisboa- Escola Superior de Dan\u00e7a<\/p>\n\n\n\n<p>Filipa Burgo | Instituto Polit\u00e9cnico de Lisboa- Escola Superior de Educa\u00e7\u00e3o<\/p>\n\n\n\n<p>Oriol Fontdevila | EINA- Universidade Aut\u00f3noma de Barcelona<\/p>\n\n\n\n<p>Cristina Cardoso Cruz | Escola Superior de Educa\u00e7\u00e3o de Lisboa<\/p>\n\n\n\n<p>Maria Jos\u00e9 Vicente | EAPN Portugal<\/p>\n\n\n\n<p><\/p>\n\n\n\n<p><\/p>\n\n\n\n<p><\/p>\n\n\n\n<p><strong>Parceiros<\/strong><br>Plano Nacional das Artes<br>CIMRL<\/p>\n\n\n\n<p>Funda\u00e7\u00e3o Caixa Agr\u00edcola de Leiria<br>Uni\u00e3o das Freguesias de Marrazes e Barosa<br>Agrupamento de Escolas de Marrazes<br>Centro de Forma\u00e7\u00e3o LeiriMar<br>Arquivo Livraria &#8211; Bens Culturais<br>ATLAS Leiria<\/p>\n\n\n\n<p><\/p>\n","protected":false},"excerpt":{"rendered":"<p>CEIS20 &#8211; Universidade de CoimbraEAPN &#8211; Rede Europeia Anti-Pobreza \/ Portugal, N\u00facleo Distrital de LeiriaEscola Superior de Educa\u00e7\u00e3o e Ci\u00eancias Sociais &#8211; Polit\u00e9cnico de Leiria&nbsp; Munic\u00edpio de Leiria Comiss\u00e3o Organizadora Patr\u00edcia Martins \u2013 Ceis 20 \/ Universidade de Coimbra (FCT&hellip;  <\/p>\n<p class=\"more-link\"><a href=\"https:\/\/sites.ipleiria.pt\/tecercomunidades\/organizacao\/\">Continue reading <span class=\"meta-nav\">&rarr;<\/span><\/a><\/p>\n","protected":false},"author":102,"featured_media":0,"parent":0,"menu_order":0,"comment_status":"closed","ping_status":"closed","template":"","meta":{"footnotes":""},"class_list":["post-10","page","type-page","status-publish","hentry"],"_links":{"self":[{"href":"https:\/\/sites.ipleiria.pt\/tecercomunidades\/wp-json\/wp\/v2\/pages\/10","targetHints":{"allow":["GET"]}}],"collection":[{"href":"https:\/\/sites.ipleiria.pt\/tecercomunidades\/wp-json\/wp\/v2\/pages"}],"about":[{"href":"https:\/\/sites.ipleiria.pt\/tecercomunidades\/wp-json\/wp\/v2\/types\/page"}],"author":[{"embeddable":true,"href":"https:\/\/sites.ipleiria.pt\/tecercomunidades\/wp-json\/wp\/v2\/users\/102"}],"replies":[{"embeddable":true,"href":"https:\/\/sites.ipleiria.pt\/tecercomunidades\/wp-json\/wp\/v2\/comments?post=10"}],"version-history":[{"count":20,"href":"https:\/\/sites.ipleiria.pt\/tecercomunidades\/wp-json\/wp\/v2\/pages\/10\/revisions"}],"predecessor-version":[{"id":996,"href":"https:\/\/sites.ipleiria.pt\/tecercomunidades\/wp-json\/wp\/v2\/pages\/10\/revisions\/996"}],"wp:attachment":[{"href":"https:\/\/sites.ipleiria.pt\/tecercomunidades\/wp-json\/wp\/v2\/media?parent=10"}],"curies":[{"name":"wp","href":"https:\/\/api.w.org\/{rel}","templated":true}]}}