{"id":14,"date":"2019-12-12T11:51:38","date_gmt":"2019-12-12T11:51:38","guid":{"rendered":"https:\/\/sites.ipleiria.pt\/4ciead\/?page_id=14"},"modified":"2024-03-20T22:15:02","modified_gmt":"2024-03-20T22:15:02","slug":"programa-geral","status":"publish","type":"page","link":"https:\/\/sites.ipleiria.pt\/tecercomunidades\/programa-geral\/","title":{"rendered":"Programa do Congresso Tecer Comunidades"},"content":{"rendered":"\n<p>Local : <strong><em>Teatro Miguel Franco<\/em><\/strong>-Leiria<\/p>\n\n\n\n<p class=\"has-medium-font-size\"><strong>Programa do Congresso Tecer Comunidades:&nbsp;Caminhos das Artes na Interven\u00e7\u00e3o Social, na Educa\u00e7\u00e3o e na Cidadania&nbsp; 21 e 22 de Mar\u00e7o de 2024-Teatro Miguel Franco-Leiria<\/strong><\/p>\n\n\n\n<p><strong>O programa apresentado poder\u00e1 estar sujeito a altera\u00e7\u00f5es pontuais.<\/strong><\/p>\n\n\n\n<p class=\"has-white-color has-pale-pink-background-color has-text-color has-background has-link-color has-large-font-size wp-elements-8f0063d04cc507657ca9f53f24f9528c\"><strong>Dia 21 &#8211; Sonhos e Utopias<\/strong><\/p>\n\n\n\n<p><strong>9h00 &#8211;&nbsp; <\/strong>Abertura de Portas\/rece\u00e7\u00e3o aos participantes<\/p>\n\n\n\n<p><strong>9h30 &#8211; Boas vindas:&nbsp;<\/strong><\/p>\n\n\n\n<p>Ana Valentim | Vereadora do Desenvolvimento Social do Munic\u00edpio de Leiria&nbsp;<\/p>\n\n\n\n<p>Pedro Morou\u00e7o |&nbsp; Diretor da ESECS &#8211; Polit\u00e9cnico de Leiria&nbsp;<\/p>\n\n\n\n<p>Maria Jos\u00e9 Vicente | Coordenadora Nacional da EAPN Portugal&nbsp;<\/p>\n\n\n\n<p>Fernando Matos de Oliveira | Professor Doutor CEIS20 &#8211; Universidade de Coimbra<\/p>\n\n\n\n<p class=\"has-white-color has-pale-pink-background-color has-text-color has-background has-link-color wp-elements-1045202a71683958e6e7d0476634c1ac\"><strong>Painel I &#8211; Caminhos das Artes na Interven\u00e7\u00e3o Social&nbsp;<\/strong><\/p>\n\n\n\n<p><strong>10h00 &#8211; <\/strong>Miguel Janu\u00e1rio | +-Mais Menos+-&nbsp;<\/p>\n\n\n\n<p><strong>10h30 <\/strong>&#8211; Oriol Fontdevila | EINA Art and Design University (Barcelona); UOC Open University of Catalonia&nbsp;<\/p>\n\n\n\n<p><strong>Modera\u00e7\u00e3o: <\/strong>Patr\u00edcia Grilo<strong> |&nbsp; <\/strong>EAPN Portugal, N\u00facleo Distrital de Leiria<\/p>\n\n\n\n<p><strong>11h00 &#8211; <\/strong>Intervalo &#8211; Pausa para caf\u00e9 <\/p>\n\n\n\n<p><strong>11h15 &#8211; Painel II &#8211; Caminhos das Artes: participa\u00e7\u00e3o, comunidades, inclus\u00e3o<\/strong><\/p>\n\n\n\n<p><em>Apresenta\u00e7\u00e3o Filipa Rodrigues | ESECS<\/em>&#8211; Polit\u00e9cnico de Leiria<\/p>\n\n\n\n<p><strong>Maria Vlachou <\/strong>| Acesso Cultura: Porque Fazemos o que fazemos?<\/p>\n\n\n\n<p><strong>Paulo Lameiro<\/strong> | SAMP: \u00d3pera na Pris\u00e3o &#8211;&nbsp;<em>Pavilh\u00e3o Mozart<\/em><\/p>\n\n\n\n<p><strong>Hugo Cruz <\/strong>| Criador, Programador Cultural e Professor<\/p>\n\n\n\n<p><strong>Teresa Torres E\u00e7a<\/strong> | Cartografias T\u00eaxteis-Associa\u00e7\u00e3o de Professores de Express\u00e3o e Comunica\u00e7\u00e3o Visual<\/p>\n\n\n\n<p><strong>Modera\u00e7\u00e3o:<\/strong> Paulo Teixeira | Logframe-Consultoria e Forma\u00e7\u00e3o<\/p>\n\n\n\n<p class=\"has-vivid-purple-color has-pale-pink-background-color has-text-color has-background has-link-color has-medium-font-size wp-elements-4f2cc455537449a4601fe519190369bd\"><strong>13h00 &#8211; Almo\u00e7o Conv\u00edvio (inscri\u00e7\u00e3o <\/strong><a href=\"https:\/\/forms.gle\/KeDVCMstb27B4AZ98\"><strong>aqui <\/strong><\/a><strong>at\u00e9 ao dia 11 de mar\u00e7o)&nbsp;<\/strong><\/p>\n\n\n\n<p><\/p>\n\n\n\n<p class=\"has-white-color has-pale-pink-background-color has-text-color has-background has-link-color has-medium-font-size wp-elements-e433275f2c1ba95a08244c1c4a2caa61\"><strong>14h30 &#8211; 16h30 | Workshops e percursos distribu\u00eddos por v\u00e1rios espa\u00e7os culturais da cidade<\/strong><\/p>\n\n\n\n<p>As inscri\u00e7\u00f5es nos workshops e nos percursos s\u00e3o limitadas a um n\u00ba m\u00e1ximo de 20 participantes | Cada pessoa apenas pode inscrever-se num workshop ou num percurso. As inscri\u00e7\u00f5es ser\u00e3o consideradas v\u00e1lidas, por ordem de inscri\u00e7\u00e3o nos links correspondentes, at\u00e9 ao limite das vagas.<\/p>\n\n\n\n<p><strong>Workshops:&nbsp;<\/strong><\/p>\n\n\n\n<ul class=\"wp-block-list\">\n<li><strong>Workshop 1&nbsp;<\/strong>| Banco das Artes Galeria &#8211; Que lugar(es) pedag\u00f3gicos ocupamos? Micro-pedagogias em a\u00e7\u00e3o &#8211; Andreia Dias -Educa\u00e7\u00e3o &#8211; Escolas e outras Institui\u00e7\u00f5es Educativas, Crian\u00e7as e Fam\u00edlias, CAM da Funda\u00e7\u00e3o Calouste Gulbenkian_ Inscri\u00e7\u00e3o pr\u00e9via <a href=\"https:\/\/forms.gle\/7QHiXfm8e74T7gaM8\" target=\"_blank\" rel=\"noreferrer noopener\">aqui<\/a><\/li>\n\n\n\n<li><strong>Workshop 2 <\/strong>| Audit\u00f3rio do Centro Cultural Mercado Sant&#8217;Ana &#8211; Porque fazemos o que fazemos? A miss\u00e3o das organiza\u00e7\u00f5es culturais &#8211; Maria Vlachou &#8211; Acesso Cultura _Inscri\u00e7\u00e3o pr\u00e9via <a href=\"https:\/\/forms.gle\/RWiVzwM6A8mM4MeJ7\" target=\"_blank\" rel=\"noreferrer noopener\">aqui<\/a><\/li>\n\n\n\n<li><strong>Workshop 3<\/strong> I Galeria Municipal do Centro Cultural Mercado Sant&#8217;Ana- O que \u00e9 a Liberdade? Oficina de pensamento e express\u00e3o art\u00edstica- Silvia Moreira e M\u00e1rio Campos &#8211; Casa da Cerca-Centro de Arte Contempor\u00e2nea _ Inscri\u00e7\u00e3o pr\u00e9via  <a href=\"https:\/\/forms.gle\/CXu7UdSM1o5zuk9HA\" target=\"_blank\" rel=\"noreferrer noopener\">aqui<\/a><\/li>\n\n\n\n<li><strong>Workshop 4<\/strong> I Centro C\u00edvico de Leiria &#8211; DESPHOCO &#8211; Oficina sobre fotografia e bem-estar- Rosalinda Chaves_ Inscri\u00e7\u00e3o pr\u00e9via<a href=\"https:\/\/forms.gle\/DP7LvGfEWWE7jxap9\" target=\"_blank\" rel=\"noreferrer noopener\"> aqui&nbsp;<\/a><\/li>\n\n\n\n<li><strong>Workshop 5<\/strong> | Livraria Arquivo &#8211; Clube de Leitura Teatral-Ricardo Correia -Escola da Noite; TAGV e&nbsp;ESEC\/IPC &#8211; _ Inscri\u00e7\u00e3o pr\u00e9via  <a href=\"https:\/\/forms.gle\/iVrFNgav31zeSVwTA\" target=\"_blank\" rel=\"noreferrer noopener\">aqui<\/a><\/li>\n<\/ul>\n\n\n\n<p><strong>Percursos:&nbsp;<\/strong><\/p>\n\n\n\n<p><strong>1. Percurso Korrodi &#8211; BAG-Banco das Artes Galeria, com Maria Catarina Magalh\u00e3es- Inscri\u00e7\u00e3o pr\u00e9via <\/strong><strong><a href=\"https:\/\/forms.gle\/cZmnVCbygMr735hbA\" target=\"_blank\" rel=\"noreferrer noopener\">aqui<\/a><\/strong>&#8211; Ponto de Encontro no Local<\/p>\n\n\n\n<p><strong>2. Roteiro Liter\u00e1rio Miguel Torga &#8211; Biblioteca Municipal Afonso Lopes Vieira, com \u00c2ngela Pereira- Inscri\u00e7\u00e3o pr\u00e9via <\/strong><strong><a href=\"https:\/\/forms.gle\/MXtowWMSVxLngztFA\" target=\"_blank\" rel=\"noreferrer noopener\">aqui<\/a><\/strong>&#8211; Ponto de Encontro no Local<\/p>\n\n\n\n<p class=\"has-white-color has-pale-pink-background-color has-text-color has-background has-link-color wp-elements-5fa7122c7c796cc5903410dcf22575fc\"><strong>17h00 &#8211; 19h00 &#8211; <\/strong>Sess\u00f5es paralelas | ATLAS BAR <\/p>\n\n\n\n<p>Programa : ( pode sofrer altera\u00e7\u00f5es de \u00faltima hora)<\/p>\n\n\n\n<div data-wp-interactive=\"core\/file\" class=\"wp-block-file\"><object data-wp-bind--hidden=\"!state.hasPdfPreview\" hidden class=\"wp-block-file__embed\" data=\"https:\/\/sites.ipleiria.pt\/tecercomunidades\/files\/2024\/03\/Programa-das-Sessoes-Paralelas_imprimir.pdf\" type=\"application\/pdf\" style=\"width:100%;height:600px\" aria-label=\"Incorpora\u00e7\u00e3o de Programa-das-Sessoes-Paralelas_imprimir.\"><\/object><a id=\"wp-block-file--media-5fb53f82-d938-44e3-9dbf-cd863c06a30b\" href=\"https:\/\/sites.ipleiria.pt\/tecercomunidades\/files\/2024\/03\/Programa-das-Sessoes-Paralelas_imprimir.pdf\">Programa-das-Sessoes-Paralelas_imprimir<\/a><a href=\"https:\/\/sites.ipleiria.pt\/tecercomunidades\/files\/2024\/03\/Programa-das-Sessoes-Paralelas_imprimir.pdf\" class=\"wp-block-file__button wp-element-button\" download aria-describedby=\"wp-block-file--media-5fb53f82-d938-44e3-9dbf-cd863c06a30b\">Descarregar<\/a><\/div>\n\n\n\n<p class=\"has-white-color has-pale-pink-background-color has-text-color has-background has-link-color wp-elements-e9567a8dee50a2fc6c9e493f2dacb0de\"><strong>19h30 &#8211; Momento Cultural na Livraria Arquivo&nbsp;<\/strong><\/p>\n\n\n\n<p><strong>(<\/strong><strong><em>Poema em Continuum_Liberdade<\/em><\/strong><strong>) &#8211; Sonhar liberdades em todas as geografias, todos os dias, com Jo\u00e3o Maria Andr\u00e9 e outros poetas convidados<\/strong><\/p>\n\n\n\n<p class=\"has-white-color has-pale-pink-background-color has-text-color has-background has-link-color has-large-font-size wp-elements-f495669a32a4bad83be5c689e94ee602\"><strong>Dia 22 &#8211; <\/strong><strong>Sementes a Germinar<\/strong><\/p>\n\n\n\n<p><strong>9h00 &#8211; <\/strong>Abertura de Portas<\/p>\n\n\n\n<p class=\"has-white-color has-pale-pink-background-color has-text-color has-background has-link-color wp-elements-a183836cea9b52585b6b97a9cb66bd91\"><strong>Painel III: Arte e Media\u00e7\u00e3o<\/strong><\/p>\n\n\n\n<p><strong>9h15 &#8211; <\/strong><strong>Jo\u00e3o Maria Andr\u00e9 <\/strong>| A media\u00e7\u00e3o art\u00edstico-cultural como exerc\u00edcio de hospitalidade &#8211; Professor Aposentado da Universidade de Coimbra<\/p>\n\n\n\n<p><strong>Modera\u00e7\u00e3o:<\/strong> <strong>Fernando M. Oliveira <\/strong><strong>| <\/strong>CEIS20 &#8211; Universidade de Coimbra<\/p>\n\n\n\n<p><strong>10h15 &#8211;<\/strong> Intervalo &#8211; Pausa para caf\u00e9 <\/p>\n\n\n\n<p class=\"has-white-color has-pale-pink-background-color has-text-color has-background has-link-color wp-elements-ec1b8bb1018a35f47755d119d5f426ea\"><strong>Painel IV &#8211; Caminhos das Artes: Media\u00e7\u00e3o art\u00edstica nos Contextos Educativos<\/strong><\/p>\n\n\n\n<p><strong>10h40 <\/strong>&#8211; <strong>Matilde Caldas <\/strong>| Orquestra de Afectos \/ Orquestra Gera\u00e7\u00e3o | Associa\u00e7\u00e3o das Orquestras Sinf\u00f3nicas Juvenis Sistema Portugal.<\/p>\n\n\n\n<p><strong>Modera\u00e7\u00e3o: <\/strong>Jorge Edgar Brites | Agrupamento de Escolas dos Marrazes<\/p>\n\n\n\n<p><strong>11h15 &#8211; Partilha de pr\u00e1ticas &#8211; Projetos de rela\u00e7\u00e3o, artes, escola, comunidade<\/strong><\/p>\n\n\n\n<p><strong>Hugo Ferreira e Vasco Silva (Omichord)<\/strong> | A M\u00fasica D\u00e1 Trabalho &#8211; Quem faz o qu\u00ea at\u00e9 a m\u00fasica te chegar aos ouvidos<\/p>\n\n\n\n<p><strong>Andreia Dias<\/strong> | Educa\u00e7\u00e3o &#8211; Escolas e outras Institui\u00e7\u00f5es Educativas, Crian\u00e7as e Fam\u00edlias, CAM da Funda\u00e7\u00e3o Calouste Gulbenkian<\/p>\n\n\n\n<p><strong>Patr\u00edcia Martins e Patr\u00edcia Grilo<\/strong> | Projeto Nesta Casa Cabemos Todos &#8211; Agrupamento de Escolas de Marrazes e N\u00facleo Distrital de Leiria da EAPN Portugal<\/p>\n\n\n\n<p><strong>Rui Amado<\/strong> | Projeto Mus-e -Associa\u00e7\u00e3o Menhuin Portugal- N\u00facleo de Leiria<\/p>\n\n\n\n<p><strong>Modera\u00e7\u00e3o<\/strong>:  Duarte Abreu\/Afonso Abreu\/Beatriz Abreu ( Jovens artistas, estudantes e dirigentes associativos)<\/p>\n\n\n\n<p class=\"has-vivid-purple-color has-pale-pink-background-color has-text-color has-background has-link-color has-medium-font-size wp-elements-0777363b84aec78362653be3709c4ec2\"><strong>13h00 &#8211; Almo\u00e7o conv\u00edvio<\/strong> <strong>Inscri\u00e7\u00f5es <a href=\"https:\/\/forms.gle\/nLoD8N5JBbH6x4dYA\">aqui<\/a><\/strong> (<strong>at\u00e9 ao dia 11 de mar\u00e7o<\/strong>)<\/p>\n\n\n\n<p class=\"has-white-color has-pale-pink-background-color has-text-color has-background has-link-color wp-elements-2f84a4bb890b05115bada95225b498ee\"><strong>Painel V: Caminhos das Artes: Educa\u00e7\u00e3o, Comunidades, Cidadania<\/strong><\/p>\n\n\n\n<p><strong>15h00 &#8211; <\/strong>Pascal Gielen | Lessons in Dismeasure &#8211; Teaching Art in the Catering Regime and the Loss of a Political Community &#8211; Universidade de Antu\u00e9rpia<\/p>\n\n\n\n<p><strong>16h00 &#8211; <\/strong>Sara Brighenti | Culturas. Artes. Educa\u00e7\u00e3o_ rumo \u00e0 democracia cultural | Sub Comiss\u00e1ria do Plano Nacional das Artes <\/p>\n\n\n\n<p><strong>16h45 &#8211; <\/strong>Ang\u00e9lica Dass |  &#8220;The colours we share&#8221; &#8211; Projeto Humanae <\/p>\n\n\n\n<p>Modera\u00e7\u00e3o: Patr\u00edcia Martins &#8211; Ceis 20 \/ Universidade de Coimbra (FCT Ref\u00aa&nbsp;<a href=\"http:\/\/2022.12262.bd\/\" target=\"_blank\" rel=\"noreferrer noopener\">2022.12262.BD<\/a>)<\/p>\n\n\n\n<p>                      Filipa Rodrigues &#8211; <em>ESECS<\/em>-Polit\u00e9cnico de Leiria<\/p>\n\n\n\n<p><strong>17h30 &#8211; <\/strong>Momentos chave- Relatores <\/p>\n\n\n\n<p><strong>18h00 &#8211; <\/strong>Encerramento <\/p>\n\n\n\n<p>Anabela Gra\u00e7a | Vereadora da Cultura e Educa\u00e7\u00e3o do Mun\u00edcipio de Leiria <\/p>\n\n\n\n<p>Paulo Clemente | Uni\u00e3o de Freguesias Marrazes e Barosa<\/p>\n\n\n\n<p>Jorge Edgar Brites | AE Marrazes <\/p>\n\n\n\n<p class=\"has-white-color has-pale-pink-background-color has-text-color has-background has-link-color has-medium-font-size wp-elements-73c242eb681a253843d6b10d669d4bb1\"><strong>18h30 &#8211; Inaugura\u00e7\u00e3o da Exposi\u00e7\u00e3o<em> Humanae <\/em>de Ang\u00e9lica Dass<\/strong> Frente ao BAG ( Banco das Artes Galeria )<\/p>\n\n\n\n<p class=\"has-small-font-size\"><\/p>\n\n\n\n<hr class=\"wp-block-separator has-alpha-channel-opacity\" \/>\n\n\n\n<h2 class=\"wp-block-heading\">Oradores<\/h2>\n\n\n\n<p class=\"has-black-color has-text-color has-small-font-size\"><strong>Pascal Gielen<\/strong> (BE) &#8211; University of Antwerp <br>BIO: <a href=\"https:\/\/www.uantwerpen.be\/en\/staff\/pascal-gielen\/\">https:\/\/www.uantwerpen.be\/en\/staff\/pascal-gielen\/<\/a><\/p>\n\n\n\n<p class=\"has-small-font-size\"><strong>Oriol Fontdevila<\/strong>(ES)-EINA Art and Design University (Barcelona); UOC Open University of Catalonia<br>BIO: <a href=\"https:\/\/oriolfontdevila.net\/about\/\">https:\/\/oriolfontdevila.net\/about\/<\/a><\/p>\n\n\n\n<p class=\"has-small-font-size\"><strong>Ang\u00e9lica Dass (ES)<\/strong> BIO : <a href=\"https:\/\/angelicadass.com\/pt\/\">https:\/\/angelicadass.com\/pt\/<\/a><\/p>\n\n\n\n<p class=\"has-small-font-size\"><strong>Paulo Pires do Vale<\/strong> ( PT) &#8211; Comiss\u00e1rio do Plano Nacional das Artes <br>BIO: <a href=\"https:\/\/www.pna.gov.pt\">https:\/\/www.pna.gov.pt<\/a><\/p>\n\n\n\n<p class=\"has-small-font-size\"><strong>Miguel Janu\u00e1rio<\/strong> (PT) +-Mais Menos+- <br>BIO: <a href=\"http:\/\/www.maismenos.net\">http:\/\/www.maismenos.net<\/a><\/p>\n\n\n\n<p class=\"has-small-font-size\"><strong>Hugo Cruz<\/strong> (PT)<br>BIO: <a href=\"https:\/\/artandparticipation.com\">https:\/\/artandparticipation.com<\/a><\/p>\n\n\n\n<p class=\"has-small-font-size\"><strong>Jo\u00e3o Maria Andr\u00e9<\/strong> ( PT) &#8211; Fil\u00f3sofo e Professor Catedr\u00e1tico Aposentado<br>BIO: <a href=\"https:\/\/www.uc.pt\/iii\/ceis20\/summerschool\/equipadocente\/JoaoAndre\">https:\/\/www.uc.pt\/iii\/ceis20\/summerschool\/equipadocente\/JoaoAndre<\/a><\/p>\n\n\n\n<p class=\"has-small-font-size\"><strong>Maria Vlachou<\/strong> ( PT) <br>BIO: <a href=\"https:\/\/www.buala.org\/pt\/autor\/maria-vlachou\">https:\/\/www.buala.org\/pt\/autor\/maria-vlachou<\/a><\/p>\n\n\n\n<p class=\"has-small-font-size\"><strong>Paulo Lameiro<\/strong> (PT)<\/p>\n\n\n\n<p class=\"has-small-font-size\">BIO: <a href=\"https:\/\/www.musicalmente.pt\/quem-somos\/quem-somos-paulo-lameiro\/\">https:\/\/www.musicalmente.pt\/quem-somos\/quem-somos-paulo-lameiro\/<\/a><\/p>\n\n\n\n<p class=\"has-small-font-size\"><strong>Andreia Dias <\/strong>(PT)<br><a href=\"https:\/\/gulbenkian.pt\/cam\/read-watch-listen\/instalacao-lugares-entrevista-a-marcio-carvalho-e-andreia-dias\/\">https:\/\/gulbenkian.pt\/cam\/read-watch-listen\/instalacao-lugares-entrevista-a-marcio-carvalho-e-andreia-dias\/<\/a><\/p>\n\n\n\n<p class=\"has-small-font-size\"><strong>Matilde Caldas <\/strong>(PT)<br><a href=\"https:\/\/gulbenkian.pt\/projects\/orquestra-de-afectos\/\">https:\/\/gulbenkian.pt\/projects\/orquestra-de-afectos\/<\/a><\/p>\n\n\n\n<p><\/p>\n\n\n\n<p><\/p>\n","protected":false},"excerpt":{"rendered":"<p>Local : Teatro Miguel Franco-Leiria Programa do Congresso Tecer Comunidades:&nbsp;Caminhos das Artes na Interven\u00e7\u00e3o Social, na Educa\u00e7\u00e3o e na Cidadania&nbsp; 21 e 22 de Mar\u00e7o de 2024-Teatro Miguel Franco-Leiria O programa apresentado poder\u00e1 estar sujeito a altera\u00e7\u00f5es pontuais. Dia 21&hellip;  <\/p>\n<p class=\"more-link\"><a href=\"https:\/\/sites.ipleiria.pt\/tecercomunidades\/programa-geral\/\">Continue reading <span class=\"meta-nav\">&rarr;<\/span><\/a><\/p>\n","protected":false},"author":102,"featured_media":0,"parent":0,"menu_order":0,"comment_status":"closed","ping_status":"closed","template":"","meta":{"footnotes":""},"class_list":["post-14","page","type-page","status-publish","hentry"],"_links":{"self":[{"href":"https:\/\/sites.ipleiria.pt\/tecercomunidades\/wp-json\/wp\/v2\/pages\/14","targetHints":{"allow":["GET"]}}],"collection":[{"href":"https:\/\/sites.ipleiria.pt\/tecercomunidades\/wp-json\/wp\/v2\/pages"}],"about":[{"href":"https:\/\/sites.ipleiria.pt\/tecercomunidades\/wp-json\/wp\/v2\/types\/page"}],"author":[{"embeddable":true,"href":"https:\/\/sites.ipleiria.pt\/tecercomunidades\/wp-json\/wp\/v2\/users\/102"}],"replies":[{"embeddable":true,"href":"https:\/\/sites.ipleiria.pt\/tecercomunidades\/wp-json\/wp\/v2\/comments?post=14"}],"version-history":[{"count":50,"href":"https:\/\/sites.ipleiria.pt\/tecercomunidades\/wp-json\/wp\/v2\/pages\/14\/revisions"}],"predecessor-version":[{"id":1082,"href":"https:\/\/sites.ipleiria.pt\/tecercomunidades\/wp-json\/wp\/v2\/pages\/14\/revisions\/1082"}],"wp:attachment":[{"href":"https:\/\/sites.ipleiria.pt\/tecercomunidades\/wp-json\/wp\/v2\/media?parent=14"}],"curies":[{"name":"wp","href":"https:\/\/api.w.org\/{rel}","templated":true}]}}