{"id":18,"date":"2019-12-12T11:52:30","date_gmt":"2019-12-12T11:52:30","guid":{"rendered":"https:\/\/sites.ipleiria.pt\/4ciead\/?page_id=18"},"modified":"2024-01-16T11:41:38","modified_gmt":"2024-01-16T11:41:38","slug":"datas-importantes","status":"publish","type":"page","link":"https:\/\/sites.ipleiria.pt\/tecercomunidades\/datas-importantes\/","title":{"rendered":"Datas"},"content":{"rendered":"\n<p><strong>Submiss\u00f5es:<\/strong><br><strong>.<\/strong>\u00a0Submiss\u00e3o de resumos\/abstracts (artigos, workshops e performances ):\u00a0<strong>21 de janeiro de 2024<\/strong><br><strong>.<\/strong>\u00a0Notifica\u00e7\u00e3o dos autores:\u00a0<strong>5 de fevereiro de 2024 (Prazo para corre\u00e7\u00e3o de artigos: 16 de fevereiro)<\/strong><br><\/p>\n\n\n\n<p class=\"has-medium-font-size\"><strong>Inscri\u00e7\u00f5es:<\/strong> <br><\/p>\n\n\n\n<p><strong>. <\/strong>Inscri\u00e7\u00e3o no congresso para participantes (geral) <strong>at\u00e9 8 de mar\u00e7o <\/strong><\/p>\n\n\n\n<p class=\"has-small-font-size\">(enviar comprovativo de pagamento para <a href=\"mailto:congressotecercomunidades@gmail.com\">congressotecercomunidades@gmail.com<\/a><\/p>\n\n\n\n<p class=\"has-medium-font-size\"><strong>. <\/strong> Inscri\u00e7\u00e3o no congresso para participantes com comunica\u00e7\u00e3o aceite:&nbsp;<strong>data limite: 9 de fevereiro de 2024<\/strong> <\/p>\n\n\n\n<p class=\"has-small-font-size\">(enviar comprovativo de pagamento para <a href=\"mailto:congressotecercomunidades@gmail.com\">congressotecercomunidades@gmail.com<\/a><\/p>\n\n\n\n<p><\/p>\n\n\n\n<p>As inscri\u00e7\u00f5es s\u00f3 ser\u00e3o validadas ap\u00f3s pagamento. <\/p>\n\n\n\n<p><\/p>\n\n\n\n<p><\/p>\n\n\n\n<p><strong>. <\/strong>Divulga\u00e7\u00e3o do programa:<strong> 23 de fevereiro de 2024<\/strong><br>.&nbsp;Datas do congresso:&nbsp;<strong>21 e 22 de Mar\u00e7o 2024.<\/strong><\/p>\n","protected":false},"excerpt":{"rendered":"<p>Submiss\u00f5es:.\u00a0Submiss\u00e3o de resumos\/abstracts (artigos, workshops e performances ):\u00a021 de janeiro de 2024.\u00a0Notifica\u00e7\u00e3o dos autores:\u00a05 de fevereiro de 2024 (Prazo para corre\u00e7\u00e3o de artigos: 16 de fevereiro) Inscri\u00e7\u00f5es: . Inscri\u00e7\u00e3o no congresso para participantes (geral) at\u00e9 8 de mar\u00e7o (enviar comprovativo&hellip;  <\/p>\n<p class=\"more-link\"><a href=\"https:\/\/sites.ipleiria.pt\/tecercomunidades\/datas-importantes\/\">Continue reading <span class=\"meta-nav\">&rarr;<\/span><\/a><\/p>\n","protected":false},"author":102,"featured_media":0,"parent":0,"menu_order":0,"comment_status":"closed","ping_status":"closed","template":"","meta":{"footnotes":""},"class_list":["post-18","page","type-page","status-publish","hentry"],"_links":{"self":[{"href":"https:\/\/sites.ipleiria.pt\/tecercomunidades\/wp-json\/wp\/v2\/pages\/18","targetHints":{"allow":["GET"]}}],"collection":[{"href":"https:\/\/sites.ipleiria.pt\/tecercomunidades\/wp-json\/wp\/v2\/pages"}],"about":[{"href":"https:\/\/sites.ipleiria.pt\/tecercomunidades\/wp-json\/wp\/v2\/types\/page"}],"author":[{"embeddable":true,"href":"https:\/\/sites.ipleiria.pt\/tecercomunidades\/wp-json\/wp\/v2\/users\/102"}],"replies":[{"embeddable":true,"href":"https:\/\/sites.ipleiria.pt\/tecercomunidades\/wp-json\/wp\/v2\/comments?post=18"}],"version-history":[{"count":9,"href":"https:\/\/sites.ipleiria.pt\/tecercomunidades\/wp-json\/wp\/v2\/pages\/18\/revisions"}],"predecessor-version":[{"id":920,"href":"https:\/\/sites.ipleiria.pt\/tecercomunidades\/wp-json\/wp\/v2\/pages\/18\/revisions\/920"}],"wp:attachment":[{"href":"https:\/\/sites.ipleiria.pt\/tecercomunidades\/wp-json\/wp\/v2\/media?parent=18"}],"curies":[{"name":"wp","href":"https:\/\/api.w.org\/{rel}","templated":true}]}}