{"id":22,"date":"2019-12-12T11:53:29","date_gmt":"2019-12-12T11:53:29","guid":{"rendered":"https:\/\/sites.ipleiria.pt\/4ciead\/?page_id=22"},"modified":"2024-02-12T13:37:09","modified_gmt":"2024-02-12T13:37:09","slug":"submissao-de-trabalhos","status":"publish","type":"page","link":"https:\/\/sites.ipleiria.pt\/tecercomunidades\/submissao-de-trabalhos\/","title":{"rendered":"Submiss\u00f5es"},"content":{"rendered":"\n<p>As sess\u00f5es paralelas de comunica\u00e7\u00e3o destinam-se \u00e0 apresenta\u00e7\u00e3o de experi\u00eancias educativas, projetos, trabalhos de investiga\u00e7\u00e3o, ferramentas e materiais dentro dos temas definidos para o TECER COMUNIDADES. As sess\u00f5es decorrer\u00e3o em paralelo, em salas previamente indicadas para o efeito. A organiza\u00e7\u00e3o do&nbsp;TECER COMUNIDADES&nbsp;convida professores, investigadores, estudantes e profissionais de institui\u00e7\u00f5es\/associa\u00e7\u00f5es a apresentar os seus trabalhos num dos seguintes formatos:<\/p>\n\n\n\n<p class=\"has-medium-font-size\"><strong>Neste momento est\u00e3o abertas as chamadas para resumos para os seguintes formatos : <\/strong><\/p>\n\n\n\n<p><strong>Formatos aceites na confer\u00eancia:<\/strong><\/p>\n\n\n\n<p>\u2014 Apresenta\u00e7\u00e3o oral em pequeno grupo sobre um dos temas da confer\u00eancia (20 minutos).\u00a0<strong>Link para modelo de resumo \u2013 <\/strong><a href=\"http:\/\/sites.ipleiria.pt\/tecercomunidades\/files\/2024\/01\/1_word__Template_resumo_artigo_TC-1.docx\"><strong>(<\/strong>Template_resumo_artigo_TC)<\/a> :  Sess\u00f5es paralelas <\/p>\n\n\n\n<p>\u2014 Painel de discuss\u00e3o: grupo de at\u00e9 4\/5 palestrantes (15 minutos cada) agrupados pela organiza\u00e7\u00e3o de acordo com os eixos tem\u00e1ticos da confer\u00eancia <strong>Link para modelo de resumo \u2013 <\/strong><a href=\"http:\/\/sites.ipleiria.pt\/tecercomunidades\/files\/2024\/01\/1_word__Template_resumo_artigo_TC-1.docx\"><strong>(<\/strong>Template_resumo_artigo_TC)<\/a> : Sess\u00f5es paralelas<\/p>\n\n\n\n<p>As comunica\u00e7\u00f5es aceites ser\u00e3o agrupadas pela organiza\u00e7\u00e3o nos hor\u00e1rios agendados para as comunica\u00e7\u00f5es paralelas, a acontecer previsivelmente no final da tarde do dia  21 de mar\u00e7o, entre as 17h00 e as 19h00. <\/p>\n\n\n\n<p>\u2014 Workshop relacionado com os temas da confer\u00eancia (m\u00e1x. 90 minutos).&nbsp;<strong>Link para modelo de resumo  \u2013<\/strong><a href=\"http:\/\/sites.ipleiria.pt\/tecercomunidades\/files\/2024\/01\/1_word-Template_workshop-1.docx\"><strong>(<\/strong>Template_workshops_TC<strong>)<\/strong><\/a><\/p>\n\n\n\n<p>\u2014 Breve espet\u00e1culo\/Performance relacionado com os temas da confer\u00eancia (m\u00e1x. 30 minutos).<strong>Link para modelo de resumo \u2013<\/strong> <a href=\"http:\/\/sites.ipleiria.pt\/tecercomunidades\/files\/2024\/01\/1-Word_Template_performance-1.docx\"><strong>(<\/strong>Template_Performance_TC<strong>)<\/strong><\/a><\/p>\n\n\n\n<p><strong>Workshop\/Espet\u00e1culo\/Performance: <\/strong><br>A submiss\u00e3o do&nbsp;<strong>resumo<\/strong>&nbsp;do workshop dever\u00e1 ocorrer de acordo com o modelo pr\u00e9-definido, apresentado abaixo,&nbsp;<strong>n\u00e3o devendo ultrapassar os 1500 carateres, incluindo espa\u00e7os<\/strong>. O resumo deve conter refer\u00eancia ao tema, objetivos, metodologia utilizada e conclus\u00f5es.&nbsp;<\/p>\n\n\n\n<p><\/p>\n\n\n\n<p><strong>Resumos<\/strong>: para todas os formatos:  As submiss\u00f5es ( 300 a 400 palavras)&nbsp; devem ser feitas em portugu\u00eas, castelhano ou ingl\u00eas, tipo de letra: Calibri 12, espa\u00e7amento 1,5.<\/p>\n\n\n\n<p class=\"has-white-color has-black-background-color has-text-color has-background has-medium-font-size\"><a href=\"https:\/\/cmt3.research.microsoft.com\/TECERCOMUNIDADES2024\">Submiss\u00f5es &nbsp;AQUI&nbsp;at\u00e9 ao dia 21 de Janeiro.<\/a><\/p>\n\n\n\n<p>Os resumos apresentados ser\u00e3o alvo de aprecia\u00e7\u00e3o por parte da Comiss\u00e3o Cient\u00edfica do&nbsp;TECER COMUNIDADES, a qual dar\u00e1 conta aos respetivos autores da sua aceita\u00e7\u00e3o e\/ou das propostas de altera\u00e7\u00e3o sugeridas.&nbsp;<\/p>\n\n\n\n<p><strong>Submiss\u00f5es:<\/strong><br><strong>.<\/strong>&nbsp;Submiss\u00e3o de resumos\/abstracts (artigos, workshops e performances):&nbsp;<strong>21 de janeiro de 2024<\/strong><\/p>\n\n\n\n<p><br><strong>.<\/strong>&nbsp;Notifica\u00e7\u00e3o dos autores:&nbsp;<strong>5 de fevereiro de 2024 (Prazo para corre\u00e7\u00e3o de artigos: 16 de fevereiro)<\/strong><\/p>\n\n\n\n<p><\/p>\n\n\n\n<p><strong>A Comiss\u00e3o Cient\u00edfica deter-se-\u00e1 sobre:<\/strong><\/p>\n\n\n\n<p>. a adequa\u00e7\u00e3o dos trabalhos aos temas propostos<br>. a qualidade cient\u00edfica do trabalho<br>. o cumprimento das normas de reda\u00e7\u00e3o<\/p>\n\n\n\n<p>Cada autor apenas poder\u00e1 submeter um trabalho\/resumo para cada formato.<\/p>\n\n\n\n<p><\/p>\n\n\n\n<p class=\"has-medium-font-size\"><strong>Publica\u00e7\u00e3o de trabalhos:<\/strong><\/p>\n\n\n\n<p>De acordo com a qualidade dos trabalhos, ser\u00e1 feita uma sele\u00e7\u00e3o dos resumos enviados e efetivamente apresentados durante a confer\u00eancia. Para tal, os autores ser\u00e3o contactados dever\u00e3o submeter os&nbsp; manuscritos selecionados na sua reda\u00e7\u00e3o definitiva at\u00e9 ao dia 2 de abril de 2024.<\/p>\n\n\n\n<p>Ser\u00e3o considerados na dupla revis\u00e3o entre pares, os seguintes crit\u00e9rios: <\/p>\n\n\n\n<p> . a adequa\u00e7\u00e3o dos trabalhos aos temas propostos<br>.  a qualidade cient\u00edfica do trabalho<br>. o cumprimento das normas de reda\u00e7\u00e3o<\/p>\n\n\n\n<p><strong>Link para modelo de artigo completo \u2013<\/strong>a definir  <\/p>\n\n\n\n<p class=\"has-small-font-size\">Previs\u00e3o de Publica\u00e7\u00e3o dos artigos selecionados &#8211; Junho 2024<\/p>\n\n\n\n<p><strong>Comiss\u00e3o Organizadora e Comiss\u00e3o Cient\u00edfica do Tecer Comunidades<\/strong><br>Email:&nbsp;<a href=\"mailto:congressotecercomunidades@gmail.com\">congressotecercomunidades@gmail.com<\/a><\/p>\n\n\n\n<p><strong>Secretariado<\/strong><br>Email:&nbsp;<a href=\"mailto:congressotecercomunidades@gmail.com\">congressotecercomunidades@gmail.com<\/a><\/p>\n","protected":false},"excerpt":{"rendered":"<p>As sess\u00f5es paralelas de comunica\u00e7\u00e3o destinam-se \u00e0 apresenta\u00e7\u00e3o de experi\u00eancias educativas, projetos, trabalhos de investiga\u00e7\u00e3o, ferramentas e materiais dentro dos temas definidos para o TECER COMUNIDADES. As sess\u00f5es decorrer\u00e3o em paralelo, em salas previamente indicadas para o efeito. A organiza\u00e7\u00e3o&hellip;  <\/p>\n<p class=\"more-link\"><a href=\"https:\/\/sites.ipleiria.pt\/tecercomunidades\/submissao-de-trabalhos\/\">Continue reading <span class=\"meta-nav\">&rarr;<\/span><\/a><\/p>\n","protected":false},"author":102,"featured_media":0,"parent":0,"menu_order":0,"comment_status":"closed","ping_status":"closed","template":"","meta":{"footnotes":""},"class_list":["post-22","page","type-page","status-publish","hentry"],"_links":{"self":[{"href":"https:\/\/sites.ipleiria.pt\/tecercomunidades\/wp-json\/wp\/v2\/pages\/22","targetHints":{"allow":["GET"]}}],"collection":[{"href":"https:\/\/sites.ipleiria.pt\/tecercomunidades\/wp-json\/wp\/v2\/pages"}],"about":[{"href":"https:\/\/sites.ipleiria.pt\/tecercomunidades\/wp-json\/wp\/v2\/types\/page"}],"author":[{"embeddable":true,"href":"https:\/\/sites.ipleiria.pt\/tecercomunidades\/wp-json\/wp\/v2\/users\/102"}],"replies":[{"embeddable":true,"href":"https:\/\/sites.ipleiria.pt\/tecercomunidades\/wp-json\/wp\/v2\/comments?post=22"}],"version-history":[{"count":32,"href":"https:\/\/sites.ipleiria.pt\/tecercomunidades\/wp-json\/wp\/v2\/pages\/22\/revisions"}],"predecessor-version":[{"id":931,"href":"https:\/\/sites.ipleiria.pt\/tecercomunidades\/wp-json\/wp\/v2\/pages\/22\/revisions\/931"}],"wp:attachment":[{"href":"https:\/\/sites.ipleiria.pt\/tecercomunidades\/wp-json\/wp\/v2\/media?parent=22"}],"curies":[{"name":"wp","href":"https:\/\/api.w.org\/{rel}","templated":true}]}}