{"id":26,"date":"2019-12-12T11:54:14","date_gmt":"2019-12-12T11:54:14","guid":{"rendered":"https:\/\/sites.ipleiria.pt\/4ciead\/?page_id=26"},"modified":"2024-01-05T22:56:16","modified_gmt":"2024-01-05T22:56:16","slug":"inscricao","status":"publish","type":"page","link":"https:\/\/sites.ipleiria.pt\/tecercomunidades\/inscricao\/","title":{"rendered":"Inscri\u00e7\u00e3o"},"content":{"rendered":"\n<figure class=\"wp-block-table\"><table><tbody><tr><td><strong>Descri\u00e7\u00e3o<\/strong><\/td><td><strong>Pre\u00e7o<\/strong><\/td><\/tr><tr><td>Estudantes, docentes e profissionais das institui\u00e7\u00f5es parceiras\/ Associados da EAPN Portugal e pessoas em situa\u00e7\u00e3o de desemprego<\/td><td>5 eur<\/td><\/tr><tr><td>Estudantes<\/td><td>10 eur<\/td><\/tr><tr><td>Participantes com apresenta\u00e7\u00e3o de comunica\u00e7\u00e3o&nbsp;<\/td><td>15 eur<\/td><\/tr><tr><td>Participa\u00e7\u00e3o geral sem acredita\u00e7\u00e3o (entidades n\u00e3o parceiras)<\/td><td>20 eur<\/td><\/tr><tr><td>Participa\u00e7\u00e3o geral com acredita\u00e7\u00e3o (inclui certificado + publica\u00e7\u00e3o decorrente das comunica\u00e7\u00f5es do congresso)<\/td><td>25 eur<\/td><\/tr><\/tbody><\/table><\/figure>\n\n\n\n<p><\/p>\n\n\n\n<p><strong>Conta de destino para pagamentos<\/strong><br>EAPN REDE EUR ANTI POBREZA PORTUGAL ASS<br><strong>Banco:<\/strong>&nbsp;Millenium BCP<br><strong>IBAN:<\/strong>&nbsp;PT50.0033.0000.00045757781.95<br><strong>NIB:<\/strong>&nbsp;0033.0000.00045757781.95<br><strong>C\u00f3digo SWIFT:&nbsp;<\/strong>BCOMPTPL<\/p>\n\n\n\n<p><strong>Procedimentos<\/strong><br><a href=\"https:\/\/sites.ipleiria.pt\/tecercomunidades\/formulario-de-inscricao-application-form\/\" target=\"_blank\" rel=\"noreferrer noopener\">Formul\u00e1rio de Inscri\u00e7\u00e3o<\/a><\/p>\n\n\n\n<p class=\"has-medium-font-size\"><strong>Inscri\u00e7\u00f5es:<\/strong><\/p>\n\n\n\n<p><strong>. <\/strong>Inscri\u00e7\u00e3o no congresso para participantes (geral) <strong>at\u00e9 8 de mar\u00e7o <\/strong><\/p>\n\n\n\n<p class=\"has-small-font-size\">(enviar comprovativo de pagamento para <a href=\"mailto:congressotecercomunidades@gmail.com\">congressotecercomunidades@gmail.com<\/a><\/p>\n\n\n\n<p class=\"has-medium-font-size\"><strong>. <\/strong> Inscri\u00e7\u00e3o no congresso para participantes com comunica\u00e7\u00e3o aceite:&nbsp;<strong>data limite: 9 de fevereiro de 2024<\/strong> <\/p>\n\n\n\n<p class=\"has-small-font-size\">(enviar comprovativo de pagamento para <a href=\"mailto:congressotecercomunidades@gmail.com\">congressotecercomunidades@gmail.com<\/a><\/p>\n\n\n\n<p><strong>Termos e Condi\u00e7\u00f5es<\/strong><br>A taxa de inscri\u00e7\u00e3o inclui a assist\u00eancia \u00e0s atividades do congresso e acesso ao material informativo.<br>O cancelamento de inscri\u00e7\u00f5es ap\u00f3s&nbsp;<strong>11 de mar\u00e7o<\/strong>&nbsp;implicar\u00e1 a perda total dos montantes pagos.<\/p>\n","protected":false},"excerpt":{"rendered":"<p>Descri\u00e7\u00e3o Pre\u00e7o Estudantes, docentes e profissionais das institui\u00e7\u00f5es parceiras\/ Associados da EAPN Portugal e pessoas em situa\u00e7\u00e3o de desemprego 5 eur Estudantes 10 eur Participantes com apresenta\u00e7\u00e3o de comunica\u00e7\u00e3o&nbsp; 15 eur Participa\u00e7\u00e3o geral sem acredita\u00e7\u00e3o (entidades n\u00e3o parceiras) 20 eur&hellip;  <\/p>\n<p class=\"more-link\"><a href=\"https:\/\/sites.ipleiria.pt\/tecercomunidades\/inscricao\/\">Continue reading <span class=\"meta-nav\">&rarr;<\/span><\/a><\/p>\n","protected":false},"author":102,"featured_media":0,"parent":0,"menu_order":0,"comment_status":"closed","ping_status":"closed","template":"","meta":{"footnotes":""},"class_list":["post-26","page","type-page","status-publish","hentry"],"_links":{"self":[{"href":"https:\/\/sites.ipleiria.pt\/tecercomunidades\/wp-json\/wp\/v2\/pages\/26","targetHints":{"allow":["GET"]}}],"collection":[{"href":"https:\/\/sites.ipleiria.pt\/tecercomunidades\/wp-json\/wp\/v2\/pages"}],"about":[{"href":"https:\/\/sites.ipleiria.pt\/tecercomunidades\/wp-json\/wp\/v2\/types\/page"}],"author":[{"embeddable":true,"href":"https:\/\/sites.ipleiria.pt\/tecercomunidades\/wp-json\/wp\/v2\/users\/102"}],"replies":[{"embeddable":true,"href":"https:\/\/sites.ipleiria.pt\/tecercomunidades\/wp-json\/wp\/v2\/comments?post=26"}],"version-history":[{"count":10,"href":"https:\/\/sites.ipleiria.pt\/tecercomunidades\/wp-json\/wp\/v2\/pages\/26\/revisions"}],"predecessor-version":[{"id":898,"href":"https:\/\/sites.ipleiria.pt\/tecercomunidades\/wp-json\/wp\/v2\/pages\/26\/revisions\/898"}],"wp:attachment":[{"href":"https:\/\/sites.ipleiria.pt\/tecercomunidades\/wp-json\/wp\/v2\/media?parent=26"}],"curies":[{"name":"wp","href":"https:\/\/api.w.org\/{rel}","templated":true}]}}