{"id":30,"date":"2019-12-12T11:54:59","date_gmt":"2019-12-12T11:54:59","guid":{"rendered":"https:\/\/sites.ipleiria.pt\/4ciead\/?page_id=30"},"modified":"2024-02-22T09:52:17","modified_gmt":"2024-02-22T09:52:17","slug":"contactos","status":"publish","type":"page","link":"https:\/\/sites.ipleiria.pt\/tecercomunidades\/contactos\/","title":{"rendered":"Locais e Contactos"},"content":{"rendered":"\n<p><strong>Locais de realiza\u00e7\u00e3o:<\/strong><\/p>\n\n\n\n<p>Teatro Miguel Franco \u2013 Confer\u00eancias de dias 21 e 22 de mar\u00e7o<br>Audit\u00f3rio municipal do Teatro Miguel Franco<br>Museu de Leiria<br>Banco das Artes Galeria<br>Casa da M\u00fasica e Centro de Di\u00e1logo Intercultural de Leiria \u2013 Workshops<br>Outros espa\u00e7os: Arquivo \u2013 Bens Culturais e ATLAS Bar<\/p>\n\n\n\n<p><strong>Como chegar ao Tecer Comunidades<\/strong><\/p>\n\n\n\n\n\n<h2 class=\"wp-block-heading\">Teatro Miguel Franco<\/h2>\n\n\n\n<p>Edif\u00edcio do CENTRO CULTURAL MERCADO SANT`ANA<br>Rua Dr. Correia Mateus<br>2400-127 Leiria<br><\/p>\n\n\n\n<p>A cidade de Leiria possui liga\u00e7\u00f5es r\u00e1pidas e frequentes a Lisboa e Porto, atrav\u00e9s da Rede Nacional de Expressos (consulte\u00a0<a href=\"http:\/\/www.rede-expressos.pt\/\">http:\/\/www.rede-expressos.pt\/<\/a>).<\/p>\n\n\n\n<p><br>O Teatro Miguel Franco, onde decorre o Tecer Comunidades, fica pr\u00f3ximo da esta\u00e7\u00e3o da rodovi\u00e1ria (3 a 5 min a p\u00e9)<\/p>\n\n\n\n<p><\/p>\n\n\n\n<p><strong>Secretariado<\/strong><br>Email:&nbsp;<a href=\"mailto:congressotecercomunidades@gmail.com\">congressotecercomunidades@gmail.com<\/a><\/p>\n","protected":false},"excerpt":{"rendered":"<p>Locais de realiza\u00e7\u00e3o: Teatro Miguel Franco \u2013 Confer\u00eancias de dias 21 e 22 de mar\u00e7oAudit\u00f3rio municipal do Teatro Miguel FrancoMuseu de LeiriaBanco das Artes GaleriaCasa da M\u00fasica e Centro de Di\u00e1logo Intercultural de Leiria \u2013 WorkshopsOutros espa\u00e7os: Arquivo \u2013 Bens&hellip;  <\/p>\n<p class=\"more-link\"><a href=\"https:\/\/sites.ipleiria.pt\/tecercomunidades\/contactos\/\">Continue reading <span class=\"meta-nav\">&rarr;<\/span><\/a><\/p>\n","protected":false},"author":102,"featured_media":0,"parent":0,"menu_order":0,"comment_status":"closed","ping_status":"closed","template":"","meta":{"footnotes":""},"class_list":["post-30","page","type-page","status-publish","hentry"],"_links":{"self":[{"href":"https:\/\/sites.ipleiria.pt\/tecercomunidades\/wp-json\/wp\/v2\/pages\/30","targetHints":{"allow":["GET"]}}],"collection":[{"href":"https:\/\/sites.ipleiria.pt\/tecercomunidades\/wp-json\/wp\/v2\/pages"}],"about":[{"href":"https:\/\/sites.ipleiria.pt\/tecercomunidades\/wp-json\/wp\/v2\/types\/page"}],"author":[{"embeddable":true,"href":"https:\/\/sites.ipleiria.pt\/tecercomunidades\/wp-json\/wp\/v2\/users\/102"}],"replies":[{"embeddable":true,"href":"https:\/\/sites.ipleiria.pt\/tecercomunidades\/wp-json\/wp\/v2\/comments?post=30"}],"version-history":[{"count":12,"href":"https:\/\/sites.ipleiria.pt\/tecercomunidades\/wp-json\/wp\/v2\/pages\/30\/revisions"}],"predecessor-version":[{"id":972,"href":"https:\/\/sites.ipleiria.pt\/tecercomunidades\/wp-json\/wp\/v2\/pages\/30\/revisions\/972"}],"wp:attachment":[{"href":"https:\/\/sites.ipleiria.pt\/tecercomunidades\/wp-json\/wp\/v2\/media?parent=30"}],"curies":[{"name":"wp","href":"https:\/\/api.w.org\/{rel}","templated":true}]}}