{"id":916,"date":"2024-01-16T10:59:56","date_gmt":"2024-01-16T10:59:56","guid":{"rendered":"https:\/\/sites.ipleiria.pt\/tecercomunidades\/?page_id=916"},"modified":"2024-02-23T11:35:00","modified_gmt":"2024-02-23T11:35:00","slug":"onde-ficar-sugestoes-e-protocolos","status":"publish","type":"page","link":"https:\/\/sites.ipleiria.pt\/tecercomunidades\/onde-ficar-sugestoes-e-protocolos\/","title":{"rendered":"Onde ficar ( sugest\u00f5es e protocolos)"},"content":{"rendered":"\n<p><strong>HOT\u00c9IS NA CIDADE DE LEIRIA<\/strong><\/p>\n\n\n\n<p class=\"has-medium-font-size\"><strong><mark class=\"has-inline-color has-vivid-cyan-blue-color\">Hotel Leiria Classic *<\/mark><\/strong><\/p>\n\n\n\n<p><a href=\"https:\/\/www.google.com\/search?sca_esv=592464911&amp;rlz=1C1GCEA_enPT1063PT1067&amp;sxsrf=AM9HkKncP7JOKWolBQ4Yj9Dkde7_QDq9bg:1703064062721&amp;q=hotel+leiria+classic+endere%25C3%25A7o&amp;ludocid=12286002656551041844&amp;sa=X&amp;sqi=2&amp;ved=2ahUKEwjEwfOD2J2DAxXbU6QEHfbMCgYQ6BN6BAgrEAI\"><strong>Morada<\/strong><\/a><strong>:<\/strong>&nbsp;<a href=\"https:\/\/www.google.com\/maps\/place\/data=!4m2!3m1!1s0xd22736ebed65345:0xaa80a652753afb34?sa=X&amp;ved=2ahUKEwjEwfOD2J2DAxXbU6QEHfbMCgYQ4kB6BAgQEAA\">R. Dr. Correia Mateus 30, 2400-127 Leiria<\/a><\/p>\n\n\n\n<p class=\"has-small-font-size\"><strong>Telefone:<\/strong>&nbsp;<a href=\"https:\/\/www.google.com\/search?q=Hotel+Leiria+Classic&amp;rlz=1C1GCEA_enPT1063PT1067&amp;oq=Hotel+Leiria+Classic&amp;gs_lcrp=EgZjaHJvbWUyDAgAEEUYORjjAhiABDITCAEQLhivARjHARiABBiYBRiZBTIHCAIQABiABKgCALACAA&amp;sourceid=chrome&amp;ie=UTF-8\">244 812 802<\/a><\/p>\n\n\n\n<p class=\"has-small-font-size\"><strong>E-mail: <\/strong><a href=\"mailto:geral@hotelleiriaclassic.pt\">geral@hotelleiriaclassic.pt<\/a><\/p>\n\n\n\n<p class=\"has-small-font-size\"><strong>Site: <\/strong><a href=\"https:\/\/www.hotelleiriaclassic.pt\/\">https:\/\/www.hotelleiriaclassic.pt\/<\/a><\/p>\n\n\n\n<p class=\"has-small-font-size\"><strong>Desconto<\/strong> <strong>de 8 a 10% de desconto sobre o quarto selecionado, mediante consulta direta ao hotel (prefer\u00eancia por email), indicando o evento\/nome do projeto, de acordo com a disponibilidade existente e a tipologia solicitada.<\/strong><\/p>\n\n\n\n<p class=\"has-small-font-size\"><strong>NOTA: no momento do check-in os participantes ter\u00e3o que apresentar um comprovativo de inscri\u00e7\u00e3o no evento de forma a que o desconto seja validado.<\/strong><\/p>\n\n\n\n<p class=\"has-medium-font-size\"><strong><mark class=\"has-inline-color has-vivid-cyan-blue-color\">Hotel D. Dinis **<\/mark><\/strong><\/p>\n\n\n\n<p class=\"has-small-font-size\"><a href=\"https:\/\/www.google.com\/search?sca_esv=592464911&amp;rlz=1C1GCEA_enPT1063PT1067&amp;sxsrf=AM9HkKm69hVTP3HoyiSz1xRVK7zKUZtfJA:1703064365533&amp;q=hotel+d.+dinis+endere%25C3%25A7o&amp;ludocid=17908558673368285225&amp;sa=X&amp;ved=2ahUKEwjUw6WU2Z2DAxUvUaQEHeg1D4IQ6BN6BAhREAI\"><strong>Morada<\/strong><\/a><strong>:&nbsp;<\/strong><a href=\"https:\/\/www.google.com\/maps\/place\/data=!4m2!3m1!1s0xd22736e055b7a0b:0xf887fb3ad55b8029?sa=X&amp;ved=2ahUKEwjUw6WU2Z2DAxUvUaQEHeg1D4IQ4kB6BAg5EAA\">R. de Tomar 3, 2410-186 Leiria<\/a><\/p>\n\n\n\n<p class=\"has-small-font-size\"><a href=\"https:\/\/www.google.com\/search?sca_esv=592464911&amp;rlz=1C1GCEA_enPT1063PT1067&amp;sxsrf=AM9HkKm69hVTP3HoyiSz1xRVK7zKUZtfJA:1703064365533&amp;q=hotel+d.+dinis+telefone&amp;ludocid=17908558673368285225&amp;sa=X&amp;ved=2ahUKEwjUw6WU2Z2DAxUvUaQEHeg1D4IQ6BN6BAhTEAI\"><strong>Telefone<\/strong><\/a><strong>:&nbsp;<\/strong><a href=\"https:\/\/www.google.com\/search?q=Hotel+D.+Dinis&amp;rlz=1C1GCEA_enPT1063PT1067&amp;oq=Hotel+D.+Dinis&amp;gs_lcrp=EgZjaHJvbWUyBggAEEUYOTITCAEQLhivARjHARiABBiYBRiZBTITCAIQLhivARjHARiABBiYBRiZBTIHCAMQABiABDIHCAQQABiABDIHCAUQABiABDIICAYQABgWGB4yCAgHEAAYFhgeMggICBAAGBYYHtIBCTI2MTZqMGoxNagCALACAA&amp;sourceid=chrome&amp;ie=UTF-8\">244 815 342<\/a><\/p>\n\n\n\n<p class=\"has-small-font-size\"><strong>E-mail: <\/strong><a href=\"mailto:info@hotelddinis.pt\">info@hotelddinis.pt<\/a><\/p>\n\n\n\n<p class=\"has-small-font-size\"><strong>Site: <\/strong><a href=\"https:\/\/www.hotelddinis.pt\/\">https:\/\/www.hotelddinis.pt\/<\/a><\/p>\n\n\n\n<p class=\"has-small-font-size\"><strong>Desconto<\/strong>: <strong>5% de desconto sobre o valor apresentado na plataforma booking.<\/strong><\/p>\n\n\n\n<p class=\"has-small-font-size\"><strong>NOTA: no momento do check-in os participantes ter\u00e3o que apresentar um comprovativo de inscri\u00e7\u00e3o no evento de forma a que o desconto seja validado.<\/strong><\/p>\n\n\n\n<p class=\"has-medium-font-size\"><strong><mark class=\"has-inline-color has-vivid-cyan-blue-color\">La Palma Hostel Leiria<\/mark><\/strong><\/p>\n\n\n\n<p class=\"has-small-font-size\"><strong>Morada: <\/strong>Rua Coronel Artur de Paiva, n.\u00ba 16, Leiria<\/p>\n\n\n\n<p class=\"has-small-font-size\"><strong>Telem\u00f3vel: <\/strong>910 171&nbsp;815<\/p>\n\n\n\n<p class=\"has-small-font-size\"><strong>E-mail: <\/strong>lapalmaleiria@gmail.com<\/p>\n\n\n\n<p class=\"has-small-font-size\"><strong>Facebook: <\/strong><a href=\"https:\/\/www.facebook.com\/Lapalmahostelleiria\/?locale=pt_BR\">https:\/\/www.facebook.com\/Lapalmahostelleiria\/?locale=pt_BR<\/a><\/p>\n\n\n\n<p class=\"has-small-font-size\"><strong>Desconto direto de 10% sobre a nossa tarifa em vigor para reservas efetuadas diretamente no nosso motor de reservas online <\/strong>(<a href=\"https:\/\/booking.roomraccoon.pt\/la-palma-hostel\/pt\/\" target=\"_blank\" rel=\"noreferrer noopener\">https:\/\/booking.roomraccoon.pt\/la-palma-hostel\/pt\/<\/a>).&nbsp;<\/p>\n\n\n\n<p class=\"has-small-font-size\"><strong>Para usufru\u00edrem do desconto, basta&nbsp;inserir o c\u00f3digo &#8220;LaPalmaTecer24&#8221; durante o processo de reserva.<\/strong><\/p>\n\n\n\n<p><\/p>\n\n\n\n<p class=\"has-medium-font-size\"><mark class=\"has-inline-color has-vivid-cyan-blue-color\">Hotel Eurosol Leiria &amp; Jardim ***<\/mark><\/p>\n\n\n\n<p class=\"has-small-font-size\"><strong>Endere\u00e7o: <\/strong>Rua D. Jos\u00e9 Alves Correia da Silva,&nbsp;2410-117 &#8211; Leiria<\/p>\n\n\n\n<p class=\"has-small-font-size\"><strong>Telefone: <\/strong>244 849&nbsp;849<\/p>\n\n\n\n<p class=\"has-small-font-size\"><strong>E-mail: <\/strong><a href=\"mailto:leiria@eurosol.pt\">leiria@eurosol.pt<\/a>&nbsp;<\/p>\n\n\n\n<p class=\"has-small-font-size\"><strong>Site:<\/strong> <a href=\"https:\/\/eur05.safelinks.protection.outlook.com\/?url=http:\/\/www.eurosol.pt\/&amp;data=05%257C02%257Cn.leiria@eapn.pt%257Cbd09363a47c24dc5ae3308dc024ae4e4%257Cc639b9b3bd7d4dfb90d093defb9cc2a8%257C0%257C0%257C638387767918334375%257CUnknown%257CTWFpbGZsb3d8eyJWIjoiMC4wLjAwMDAiLCJQIjoiV2luMzIiLCJBTiI6Ik1haWwiLCJXVCI6Mn0=%257C3000%257C%257C%257C&amp;sdata=SGFKTyJ10tq0GpiDUhU+9Wui\/30b\/qt0UzzkH4fbnR8=&amp;reserved=0\">www.eurosol.pt<\/a><\/p>\n\n\n\n<p class=\"has-small-font-size\"><strong>Desconto<\/strong>: <strong>5% de desconto em alojamento sobre a tarifa \u201cMelhor Pre\u00e7o\u201d<\/strong> apresentada no website (<a href=\"https:\/\/eur05.safelinks.protection.outlook.com\/?url=http:\/\/www.eurosol.pt\/&amp;data=05%257C02%257Cn.leiria@eapn.pt%257Cbd09363a47c24dc5ae3308dc024ae4e4%257Cc639b9b3bd7d4dfb90d093defb9cc2a8%257C0%257C0%257C638387767918334375%257CUnknown%257CTWFpbGZsb3d8eyJWIjoiMC4wLjAwMDAiLCJQIjoiV2luMzIiLCJBTiI6Ik1haWwiLCJXVCI6Mn0=%257C3000%257C%257C%257C&amp;sdata=SGFKTyJ10tq0GpiDUhU+9Wui\/30b\/qt0UzzkH4fbnR8=&amp;reserved=0\">www.eurosol.pt<\/a>).&nbsp;<\/p>\n\n\n\n<p class=\"has-small-font-size\"><strong>NOTA: no momento do check-in os participantes ter\u00e3o que apresentar um comprovativo de inscri\u00e7\u00e3o no evento de forma a que o desconto seja validado.<\/strong><\/p>\n\n\n\n<p class=\"has-medium-font-size\"><strong><mark class=\"has-inline-color has-vivid-cyan-blue-color\">Eurosol Residence Hotel Apartamento ****<\/mark><\/strong><\/p>\n\n\n\n<p class=\"has-small-font-size\"><strong>Endere\u00e7o: <\/strong>Rua Comiss\u00e3o da Iniciativa 13, 2410-098 Leiria<\/p>\n\n\n\n<p class=\"has-small-font-size\"><strong>Telefone: <\/strong>244 860 460<\/p>\n\n\n\n<p class=\"has-small-font-size\"><strong>E-mail: <\/strong><a href=\"mailto:residence@eurosol.pt\">residence@eurosol.pt<\/a>&nbsp;<\/p>\n\n\n\n<p class=\"has-small-font-size\"><strong>Site:<\/strong> <a href=\"https:\/\/eur05.safelinks.protection.outlook.com\/?url=http:\/\/www.eurosol.pt\/&amp;data=05%257C02%257Cn.leiria@eapn.pt%257Cbd09363a47c24dc5ae3308dc024ae4e4%257Cc639b9b3bd7d4dfb90d093defb9cc2a8%257C0%257C0%257C638387767918334375%257CUnknown%257CTWFpbGZsb3d8eyJWIjoiMC4wLjAwMDAiLCJQIjoiV2luMzIiLCJBTiI6Ik1haWwiLCJXVCI6Mn0=%257C3000%257C%257C%257C&amp;sdata=SGFKTyJ10tq0GpiDUhU+9Wui\/30b\/qt0UzzkH4fbnR8=&amp;reserved=0\">www.eurosol.pt<\/a><\/p>\n\n\n\n<p class=\"has-small-font-size\"><strong>Desconto<\/strong>: <strong>5% de desconto em alojamento sobre a tarifa \u201cMelhor Pre\u00e7o\u201d<\/strong> apresentada no website (<a href=\"https:\/\/eur05.safelinks.protection.outlook.com\/?url=http:\/\/www.eurosol.pt\/&amp;data=05%257C02%257Cn.leiria@eapn.pt%257Cbd09363a47c24dc5ae3308dc024ae4e4%257Cc639b9b3bd7d4dfb90d093defb9cc2a8%257C0%257C0%257C638387767918334375%257CUnknown%257CTWFpbGZsb3d8eyJWIjoiMC4wLjAwMDAiLCJQIjoiV2luMzIiLCJBTiI6Ik1haWwiLCJXVCI6Mn0=%257C3000%257C%257C%257C&amp;sdata=SGFKTyJ10tq0GpiDUhU+9Wui\/30b\/qt0UzzkH4fbnR8=&amp;reserved=0\">www.eurosol.pt<\/a>).&nbsp;<\/p>\n\n\n\n<p class=\"has-small-font-size\"><strong>NOTA: no momento do check-in os participantes ter\u00e3o que apresentar um comprovativo de inscri\u00e7\u00e3o no evento de forma a que o desconto seja validado.<\/strong><\/p>\n\n\n\n<p class=\"has-medium-font-size\"><strong><mark class=\"has-inline-color has-vivid-cyan-blue-color\">Porta 20 Boutique Guesthouse<\/mark><\/strong><\/p>\n\n\n\n<p class=\"has-small-font-size\"><a href=\"https:\/\/www.google.com\/search?sca_esv=592464911&amp;rlz=1C1GCEA_enPT1063PT1067&amp;sxsrf=AM9HkKnuINb0JMdcqZp_BcyU9yO_NbQaRA:1703064496266&amp;q=porta+20+boutique+guesthouse+endere%25C3%25A7o&amp;ludocid=15538100267520946296&amp;sa=X&amp;ved=2ahUKEwjzhNHS2Z2DAxVIVKQEHYhTB7sQ6BN6BAhXEAI\"><strong>Morada<\/strong><\/a><strong>:&nbsp;<\/strong><a href=\"https:\/\/www.google.com\/maps\/place\/data=!4m2!3m1!1s0xd22735dbac55889:0xd7a26bde71fcf078?sa=X&amp;ved=2ahUKEwjzhNHS2Z2DAxVIVKQEHYhTB7sQ4kB6BAg7EAA\">R. Beatriz Machado 20, 2410-089 Leiria<\/a><\/p>\n\n\n\n<p class=\"has-small-font-size\"><strong>Telem\u00f3vel:&nbsp;<\/strong><a href=\"https:\/\/www.google.com\/search?q=Porta+20+Boutique+Guesthouse&amp;rlz=1C1GCEA_enPT1063PT1067&amp;oq=Porta+20+Boutique+Guesthouse&amp;gs_lcrp=EgZjaHJvbWUyBggAEEUYOdIBCTE3MzNqMGoxNagCALACAA&amp;sourceid=chrome&amp;ie=UTF-8\">962 343 463<\/a><\/p>\n\n\n\n<p class=\"has-small-font-size\"><strong>E-mail: <\/strong><a href=\"mailto:ola@porta20leiria.com\">ola@porta20leiria.com<\/a><\/p>\n\n\n\n<p class=\"has-small-font-size\"><strong>Site:<\/strong> <a href=\"https:\/\/porta20leiria.com\/\">https:\/\/porta20leiria.com\/<\/a><\/p>\n\n\n\n<p class=\"has-small-font-size\">Tarifas especiais por cada tipologia de quarto:<\/p>\n\n\n\n<p class=\"has-small-font-size\">Duplo: 60 euros&nbsp;<\/p>\n\n\n\n<p class=\"has-small-font-size\">Duplo superior:70 euros&nbsp;<\/p>\n\n\n\n<p class=\"has-small-font-size\">Single: 50 euros&nbsp;<\/p>\n\n\n\n<p class=\"has-small-font-size\">Suite: 80 euros&nbsp;<\/p>\n\n\n\n<p class=\"has-small-font-size\"><strong>NOTA: no momento do check-in os participantes ter\u00e3o que apresentar um comprovativo de inscri\u00e7\u00e3o no evento de forma a que o desconto seja validado.<\/strong><\/p>\n\n\n\n<p><strong>Outros hot\u00e9is existentes na cidade:<\/strong><\/p>\n\n\n\n<p class=\"has-medium-font-size\"><mark class=\"has-inline-color has-vivid-cyan-blue-color\"><strong>Hotel S\u00e3o Lu\u00eds ***<\/strong><\/mark><\/p>\n\n\n\n<p class=\"has-small-font-size\"><a href=\"https:\/\/www.google.com\/search?sca_esv=592464911&amp;rlz=1C1GCEA_enPT1063PT1067&amp;hotel_occupancy=2&amp;sxsrf=AM9HkKnU1FDRTaqPCGfnseYuv66HjxUHTw:1703064432805&amp;q=sao-luis-hotel-leiria+endere%25C3%25A7o&amp;ludocid=13327746014927286241&amp;sa=X&amp;ved=2ahUKEwjl26-02Z2DAxUtcKQEHXsdBs0Q6BN6BAhQEAI\"><strong>Morada<\/strong><\/a><strong>:&nbsp;<\/strong><a href=\"https:\/\/www.google.com\/maps\/place\/data=!4m2!3m1!1s0xd22736fcf336ba3:0xb8f5aa631c5e6fe1?sa=X&amp;ved=2ahUKEwjl26-02Z2DAxUtcKQEHXsdBs0Q4kB6BAg0EAA\">R. Beatriz Machado 11, 2400-137 Leiria<\/a><\/p>\n\n\n\n<p class=\"has-small-font-size\"><a href=\"https:\/\/www.google.com\/search?sca_esv=592464911&amp;rlz=1C1GCEA_enPT1063PT1067&amp;hotel_occupancy=2&amp;sxsrf=AM9HkKnU1FDRTaqPCGfnseYuv66HjxUHTw:1703064432805&amp;q=sao-luis-hotel-leiria+telefone&amp;ludocid=13327746014927286241&amp;sa=X&amp;ved=2ahUKEwjl26-02Z2DAxUtcKQEHXsdBs0Q6BN6BAhPEAI\"><strong>Telefone<\/strong><\/a><strong>:&nbsp;<\/strong><a href=\"https:\/\/www.google.com\/search?q=Hotel+S%25C3%25A3o+Lu%25C3%25ADs&amp;sca_esv=592464911&amp;rlz=1C1GCEA_enPT1063PT1067&amp;sxsrf=AM9HkKm69hVTP3HoyiSz1xRVK7zKUZtfJA:1703064365533&amp;ei=LbOCZZT5H6-ikdUP6Ou8kAg&amp;udm=&amp;hotel_occupancy=2&amp;ved=0ahUKEwjUw6WU2Z2DAxUvUaQEHeg1D4IQ4dUDCBA&amp;uact=5&amp;oq=Hotel+S%25C3%25A3o+Lu%25C3%25ADs&amp;gs_lp=Egxnd3Mtd2l6LXNlcnAiEEhvdGVsIFPDo28gTHXDrXMyERAuGIAEGMcBGK8BGJgFGJkFMgUQABiABDIHEAAYgAQYCjIHEAAYgAQYCjIHEAAYgAQYCjIHEAAYgAQYCjIHEAAYgAQYCjIHEAAYgAQYCjIHEAAYgAQYCjIHEAAYgAQYCjIgEC4YgAQYxwEYrwEYmAUYmQUYlwUY3AQY3gQY4ATYAQJIgxFQ5gJY0A9wAngAkAEAmAGOAaAB_wGqAQMwLjK4AQPIAQD4AQH4AQKoAhTCAgoQABhHGNYEGLADwgILEAAYgAQY5wQYsAPCAgcQIxjqAhgnwgIWEAAYAxiPARjlAhjqAhi0AhiMA9gBAcICFhAuGAMYjwEY5QIY6gIYtAIYjAPYAQHiAwQYACBBiAYBkAYJugYGCAEQARgLugYGCAIQARgU&amp;sclient=gws-wiz-serp\">244 848 370<\/a><\/p>\n\n\n\n<p class=\"has-small-font-size\"><strong>E-mail: <\/strong>hotelsluis@gmail.com<\/p>\n\n\n\n<p class=\"has-small-font-size\"><strong>Site: <\/strong><a href=\"https:\/\/www.saoluishotel.com\/\">https:\/\/www.saoluishotel.com\/<\/a><\/p>\n\n\n\n<p><strong><mark class=\"has-inline-color has-vivid-cyan-blue-color\">Hotel Tryp ****<\/mark><\/strong><\/p>\n\n\n\n<p class=\"has-small-font-size\"><strong>Morada: <\/strong>R. do Arrabalde da Ponte, 2415-520 Leiria<\/p>\n\n\n\n<p class=\"has-small-font-size\"><strong>Telefone: <\/strong><a href=\"tel:+351244249900\">244&nbsp;249 900<\/a><\/p>\n\n\n\n<p class=\"has-small-font-size\"><strong>E-mail:<\/strong> <a href=\"mailto:tryp.leiria@trypportugal.com\">tryp.leiria@trypportugal.com<\/a><\/p>\n\n\n\n<p class=\"has-small-font-size\"><strong>Site: <\/strong><a href=\"https:\/\/www.trypleiria.com\/pt-pt\/\">https:\/\/www.trypleiria.com\/pt-pt\/<\/a><\/p>\n\n\n\n<p class=\"has-medium-font-size\"><strong><mark class=\"has-inline-color has-vivid-cyan-blue-color\">Hotel Ibis Leiria F\u00e1tima **<\/mark><\/strong><\/p>\n\n\n\n<p class=\"has-small-font-size\"><strong>Morada: <\/strong><a href=\"https:\/\/www.google.com\/maps\/place\/data=!4m2!3m1!1s0xd22737bbe870339:0xe49412d10713eec0?sa=X&amp;ved=2ahUKEwif8uzk5J2DAxV-VKQEHVtyAnoQ4kB6BAgyEAA\">Quinta Do Taborda &#8211; Lote 56, N\u00ba De Registo:299, Av. Nossa Senhora de F\u00e1tima, 2410-250 Leiria<\/a><\/p>\n\n\n\n<p class=\"has-small-font-size\"><strong>Telefone: <\/strong><a href=\"https:\/\/www.google.com\/search?q=Hotel+Ibis+Leiria+F%25C3%25A1tima&amp;rlz=1C1GCEA_enPT1063PT1067&amp;oq=Hotel+Ibis+Leiria+F%25C3%25A1tima&amp;gs_lcrp=EgZjaHJvbWUyBggAEEUYOdIBCTE1NDRqMGoxNagCALACAA&amp;sourceid=chrome&amp;ie=UTF-8\">244 816&nbsp;700<\/a><\/p>\n\n\n\n<p class=\"has-small-font-size\"><strong>E-mail: <\/strong>h3340@accor.com<\/p>\n\n\n\n<p class=\"has-small-font-size\"><strong>Site:<\/strong><a href=\"https:\/\/all.accor.com\/hotel\/3340\/index.pt.shtml?utm_campaign=seo+maps&amp;utm_medium=seo+maps&amp;utm_source=google+Maps\">https:\/\/all.accor.com\/hotel\/3340\/index.pt.shtml?utm_campaign=seo+maps&amp;utm_medium=seo+maps&amp;utm_source=google+Maps<\/a><\/p>\n\n\n\n<p class=\"has-medium-font-size\"><strong><mark class=\"has-inline-color has-vivid-cyan-blue-color\">Hotel Leiriense *<\/mark><\/strong><\/p>\n\n\n\n<p class=\"has-small-font-size\"><strong>Morada: <\/strong><a href=\"https:\/\/www.google.com\/maps\/place\/data=!4m2!3m1!1s0xd22736c169daf83:0x2147176f9329468b?sa=X&amp;ved=2ahUKEwjs2KG_5J2DAxX7TaQEHSw-BXoQ4kB6BAgQEAA\">R. Afonso de Albuquerque 8, 2400-080 Leiria<\/a><\/p>\n\n\n\n<p class=\"has-small-font-size\"><strong>Telefone: <\/strong>244 823&nbsp;054<\/p>\n\n\n\n<p class=\"has-small-font-size\"><strong>Site: <\/strong>https:\/\/hotelleiriense.com\/<\/p>\n\n\n\n<p class=\"has-medium-font-size\"><strong><mark class=\"has-inline-color has-vivid-cyan-blue-color\">Most Art Boutique Hostel<\/mark><\/strong><\/p>\n\n\n\n<p class=\"has-small-font-size\"><strong>Morada:<\/strong>&nbsp;<a href=\"https:\/\/www.google.com\/maps\/place\/data=!4m2!3m1!1s0xd2273701410b131:0xc8cca737e6fca500?sa=X&amp;ved=2ahUKEwjH79jq2Z2DAxXVVPEDHSO3ARQQ4kB6BAgPEAA\">Largo de Infantaria 7 11A, 2410-111 Leiria<\/a><\/p>\n\n\n\n<p class=\"has-small-font-size\"><strong>Telefone:<\/strong>&nbsp;<a href=\"https:\/\/www.google.com\/search?q=Most+Art+Boutique+Hostel&amp;rlz=1C1GCEA_enPT1063PT1067&amp;oq=Most+Art+Boutique+Hostel&amp;gs_lcrp=EgZjaHJvbWUyDAgAEEUYORjjAhiABDITCAEQLhivARjHARiABBiYBRiZBTIICAIQABgWGB7SAQkyMDUwajBqMTWoAgCwAgA&amp;sourceid=chrome&amp;ie=UTF-8\">913 860&nbsp;575<\/a><\/p>\n\n\n\n<p class=\"has-small-font-size\"><strong>E-mail: <\/strong><a href=\"mailto:reservas@mostarthostel.com\">reservas@mostarthostel.com<\/a><\/p>\n\n\n\n<p class=\"has-small-font-size\"><strong>Facebook: <\/strong><a href=\"https:\/\/www.facebook.com\/mostarthostel\/\">https:\/\/www.facebook.com\/mostarthostel\/<\/a><\/p>\n\n\n\n<p class=\"has-medium-font-size\"><strong><mark class=\"has-inline-color has-vivid-cyan-blue-color\">Casulo Lounge Caff\u00e9<\/mark><\/strong><\/p>\n\n\n\n<p class=\"has-small-font-size\"><strong>Endere\u00e7o: <\/strong>Av\u00aa General Humberto Delgado, n.\u00ba 215, 2410-250 Leiria<\/p>\n\n\n\n<p class=\"has-small-font-size\"><strong>Telefones:<\/strong> 244 882 330<br>244 201 879 \u2013 Casulo Lounge Caff\u00e9<\/p>\n\n\n\n<p class=\"has-small-font-size\">917 661 744&nbsp;| 913 988 831 \u2013 Casulo Lounge Caff\u00e9<\/p>\n\n\n\n<p class=\"has-small-font-size\"><strong>E-mail:<\/strong> <a href=\"mailto:geral@casulo.pt\">geral@casulo.pt<\/a><\/p>\n\n\n\n<p class=\"has-small-font-size\"><strong>Site<\/strong>: <a href=\"https:\/\/www.casulo.pt\/pt\/lounge-2#\/pt\">https:\/\/www.casulo.pt\/pt\/lounge-2#\/pt<\/a><\/p>\n","protected":false},"excerpt":{"rendered":"<p>HOT\u00c9IS NA CIDADE DE LEIRIA Hotel Leiria Classic * Morada:&nbsp;R. Dr. Correia Mateus 30, 2400-127 Leiria Telefone:&nbsp;244 812 802 E-mail: geral@hotelleiriaclassic.pt Site: https:\/\/www.hotelleiriaclassic.pt\/ Desconto de 8 a 10% de desconto sobre o quarto selecionado, mediante consulta direta ao hotel (prefer\u00eancia&hellip;  <\/p>\n<p class=\"more-link\"><a href=\"https:\/\/sites.ipleiria.pt\/tecercomunidades\/onde-ficar-sugestoes-e-protocolos\/\">Continue reading <span class=\"meta-nav\">&rarr;<\/span><\/a><\/p>\n","protected":false},"author":5743,"featured_media":0,"parent":0,"menu_order":0,"comment_status":"closed","ping_status":"closed","template":"","meta":{"footnotes":""},"class_list":["post-916","page","type-page","status-publish","hentry"],"_links":{"self":[{"href":"https:\/\/sites.ipleiria.pt\/tecercomunidades\/wp-json\/wp\/v2\/pages\/916","targetHints":{"allow":["GET"]}}],"collection":[{"href":"https:\/\/sites.ipleiria.pt\/tecercomunidades\/wp-json\/wp\/v2\/pages"}],"about":[{"href":"https:\/\/sites.ipleiria.pt\/tecercomunidades\/wp-json\/wp\/v2\/types\/page"}],"author":[{"embeddable":true,"href":"https:\/\/sites.ipleiria.pt\/tecercomunidades\/wp-json\/wp\/v2\/users\/5743"}],"replies":[{"embeddable":true,"href":"https:\/\/sites.ipleiria.pt\/tecercomunidades\/wp-json\/wp\/v2\/comments?post=916"}],"version-history":[{"count":5,"href":"https:\/\/sites.ipleiria.pt\/tecercomunidades\/wp-json\/wp\/v2\/pages\/916\/revisions"}],"predecessor-version":[{"id":986,"href":"https:\/\/sites.ipleiria.pt\/tecercomunidades\/wp-json\/wp\/v2\/pages\/916\/revisions\/986"}],"wp:attachment":[{"href":"https:\/\/sites.ipleiria.pt\/tecercomunidades\/wp-json\/wp\/v2\/media?parent=916"}],"curies":[{"name":"wp","href":"https:\/\/api.w.org\/{rel}","templated":true}]}}