{"id":117,"date":"2012-12-03T20:41:54","date_gmt":"2012-12-03T20:41:54","guid":{"rendered":"http:\/\/sites.ipleiria.pt\/tel4ele\/?page_id=117"},"modified":"2013-01-11T22:13:06","modified_gmt":"2013-01-11T22:13:06","slug":"eventos-2","status":"publish","type":"page","link":"https:\/\/sites.ipleiria.pt\/tel4ele\/eventos-2\/","title":{"rendered":"Eventos"},"content":{"rendered":"<p>\u00a0No \u00e2mbito do Projeto <em>TeL4ELE (<\/em><em>Teacher Learning for European Literacy Education)<\/em>, vai realizar-se no dia 9 de janeiro de 2013, na ESECS, um semin\u00e1rio subordinado ao tema \u201c<strong><em>Ler e Escrever para Aprender<\/em><\/strong>\u201d. Este semin\u00e1rio ser\u00e1 dinamizado pelas Professoras Claire Acevedo, da Austr\u00e1lia, e Ann-Christin L\u00f6vsted, da Su\u00e9cia, coordenadoras europeias\u00a0do Projeto.<br \/>\nEstas professoras proferir\u00e3o uma confer\u00eancia com o t\u00edtulo: \u201c<strong>From Learning to Write, to Reading to Learn: the development of Genre reading pedagogy in Australia and its recent implementation in Europe<\/strong>.\u201d Para al\u00e9m desta confer\u00eancia, ser\u00e3o apresentados no semin\u00e1rio relatos e testemunhos por parte dos professores que desenvolvem o projeto em escolas da zona de Leiria, ligados ao n\u00facleo da ESECS.<\/p>\n<p><strong>Convite e INSCRI\u00c7\u00d5ES<br \/>\n<\/strong>Convidam-se os professores, futuros professores e outros interessados a participar no Semin\u00e1rio, que decorrer\u00e1, no dia 9 de janeiro, quarta-feira, entre as 17 e as 19h, na ESECS.<br \/>\nAs <strong>INSCRI\u00c7\u00d5ES<\/strong> s\u00e3o <strong>gratuitas<\/strong> e podem ser realizadas atrav\u00e9s do envio de um email para: <strong><a href=\"mailto:elica@ipleiria.pt\">elica@ipleiria.pt<\/a><\/strong>, com a identifica\u00e7\u00e3o e a indica\u00e7\u00e3o da escola e do ciclo que lecionam ou do curso que frequentam.<\/p>\n<p><a href=\"http:\/\/sites.ipleiria.pt\/tel4ele\/files\/2012\/12\/Cartaz_Ler_Escrever_aprender.jpg\"><img loading=\"lazy\" decoding=\"async\" class=\"alignnone size-medium wp-image-111\" src=\"http:\/\/sites.ipleiria.pt\/tel4ele\/files\/2012\/12\/Cartaz_Ler_Escrever_aprender-212x300.jpg\" alt=\"Cartaz_Ler_Escrever_aprender\" width=\"212\" height=\"300\" srcset=\"https:\/\/sites.ipleiria.pt\/tel4ele\/files\/2012\/12\/Cartaz_Ler_Escrever_aprender-212x300.jpg 212w, https:\/\/sites.ipleiria.pt\/tel4ele\/files\/2012\/12\/Cartaz_Ler_Escrever_aprender-724x1024.jpg 724w\" sizes=\"auto, (max-width: 212px) 100vw, 212px\" \/><\/a><\/p>\n","protected":false},"excerpt":{"rendered":"<p>\u00a0No \u00e2mbito do Projeto TeL4ELE (Teacher Learning for European Literacy Education), vai realizar-se no dia 9 de janeiro de 2013, na ESECS, um semin\u00e1rio subordinado ao tema \u201cLer e Escrever para Aprender\u201d. Este semin\u00e1rio ser\u00e1 dinamizado pelas Professoras Claire Acevedo, &hellip; <a href=\"https:\/\/sites.ipleiria.pt\/tel4ele\/eventos-2\/\">Continue reading <span class=\"meta-nav\">&rarr;<\/span><\/a><\/p>\n","protected":false},"author":1123,"featured_media":0,"parent":0,"menu_order":0,"comment_status":"closed","ping_status":"closed","template":"","meta":{"footnotes":""},"class_list":["post-117","page","type-page","status-publish","hentry"],"_links":{"self":[{"href":"https:\/\/sites.ipleiria.pt\/tel4ele\/wp-json\/wp\/v2\/pages\/117","targetHints":{"allow":["GET"]}}],"collection":[{"href":"https:\/\/sites.ipleiria.pt\/tel4ele\/wp-json\/wp\/v2\/pages"}],"about":[{"href":"https:\/\/sites.ipleiria.pt\/tel4ele\/wp-json\/wp\/v2\/types\/page"}],"author":[{"embeddable":true,"href":"https:\/\/sites.ipleiria.pt\/tel4ele\/wp-json\/wp\/v2\/users\/1123"}],"replies":[{"embeddable":true,"href":"https:\/\/sites.ipleiria.pt\/tel4ele\/wp-json\/wp\/v2\/comments?post=117"}],"version-history":[{"count":6,"href":"https:\/\/sites.ipleiria.pt\/tel4ele\/wp-json\/wp\/v2\/pages\/117\/revisions"}],"predecessor-version":[{"id":178,"href":"https:\/\/sites.ipleiria.pt\/tel4ele\/wp-json\/wp\/v2\/pages\/117\/revisions\/178"}],"wp:attachment":[{"href":"https:\/\/sites.ipleiria.pt\/tel4ele\/wp-json\/wp\/v2\/media?parent=117"}],"curies":[{"name":"wp","href":"https:\/\/api.w.org\/{rel}","templated":true}]}}