{"id":14,"date":"2012-10-22T14:32:36","date_gmt":"2012-10-22T14:32:36","guid":{"rendered":"http:\/\/sites.ipleiria.pt\/tel4ele\/?page_id=14"},"modified":"2013-01-11T22:13:56","modified_gmt":"2013-01-11T22:13:56","slug":"parceiros","status":"publish","type":"page","link":"https:\/\/sites.ipleiria.pt\/tel4ele\/parceiros\/","title":{"rendered":"Parceiros"},"content":{"rendered":"<p>&nbsp;<\/p>\n<p><a href=\"http:\/\/www.esecs.ipleiria.pt\/\"><img loading=\"lazy\" decoding=\"async\" class=\"alignnone  wp-image-171\" src=\"http:\/\/sites.ipleiria.pt\/tel4ele\/files\/2012\/10\/logo_esecs_horizontal1.jpg\" alt=\"\" width=\"278\" height=\"126\" \/><\/a>\u00a0<a href=\"http:\/\/sites.ipleiria.pt\/tel4ele\/files\/2012\/10\/ESECS.png\"><img loading=\"lazy\" decoding=\"async\" class=\" wp-image-172 alignnone\" src=\"http:\/\/sites.ipleiria.pt\/tel4ele\/files\/2012\/10\/ESECS.png\" alt=\"\" width=\"179\" height=\"120\" \/><\/a><\/p>\n<p>No desenvolvimento do Projeto, a <strong>Escola Superior de Educa\u00e7\u00e3o e Ci\u00eancias\u00a0Sociais<\/strong> (ESECS) do Instituto Polit\u00e9cnico de Leiria<strong>\u00a0\u00a0<\/strong>\u2014\u00a0 <a href=\"http:\/\/www.esecs.ipleiria.pt\/\">http:\/\/www.esecs.ipleiria.pt\/<\/a>\u00a0\u2014 conta com a colabora\u00e7\u00e3o dos seguintes parceiros:<\/p>\n<p>\u25c6 <strong>TeL4ELE<\/strong> (s\u00edtio europeu) \u2014 <a title=\"TeL4ELE\" href=\"http:\/\/tel4ele.eu\/index.php\/19-sample-data-articles\/joomla\/35-eucim-te\" target=\"_blank\">http:\/\/tel4ele.eu<\/a><br \/>\n<a href=\"http:\/\/sites.ipleiria.pt\/tel4ele\/files\/2012\/10\/Logo-TeL4ELE1.jpg\"><img loading=\"lazy\" decoding=\"async\" class=\"alignnone  wp-image-160\" src=\"http:\/\/sites.ipleiria.pt\/tel4ele\/files\/2012\/10\/Logo-TeL4ELE1-150x115.jpg\" alt=\"\" width=\"80\" height=\"78\" \/><\/a><\/p>\n<p>\u25c6 <strong>Instituto de Lingu\u00edstica Te\u00f3rica e Computacional (ILTEC)<\/strong>\u00a0\u00a0\u2014 <a href=\"http:\/\/www.iltec.pt\/\" target=\"_blank\">http:\/\/www.iltec.pt\/<\/a>\u00a0<a href=\"http:\/\/sites.ipleiria.pt\/tel4ele\/files\/2012\/10\/Logo-ILTEC.jpg\"><img loading=\"lazy\" decoding=\"async\" class=\"alignnone  wp-image-158\" src=\"http:\/\/sites.ipleiria.pt\/tel4ele\/files\/2012\/10\/Logo-ILTEC.jpg\" alt=\"\" width=\"86\" height=\"72\" \/><\/a><\/p>\n<p>\u25c6 Agrupamento de Escolas<strong> Dr. Correia Mateus\u00a0\u00a0<\/strong>\u2014 <a title=\"Agrupamento de Escolas Dr. Correia Mateus\" href=\"http:\/\/agcorreiamateus.ccems.pt\/index.php?option=com_content&amp;view=article&amp;id=93&amp;Itemid=177\" target=\"_blank\">http:\/\/agcorreiamateus.ccems.pt<\/a><br \/>\n<a href=\"http:\/\/sites.ipleiria.pt\/tel4ele\/files\/2012\/10\/Logo-Agrupamento-Correia-Mateus2.jpg\"><img loading=\"lazy\" decoding=\"async\" src=\"http:\/\/sites.ipleiria.pt\/tel4ele\/files\/2012\/10\/Logo-Agrupamento-Correia-Mateus2.jpg\" alt=\"\" width=\"133\" height=\"74\" \/><\/a><a href=\"http:\/\/sites.ipleiria.pt\/tel4ele\/files\/2012\/10\/Escola-Correia-Mateus.png\"><img loading=\"lazy\" decoding=\"async\" class=\"alignnone  wp-image-166\" src=\"http:\/\/sites.ipleiria.pt\/tel4ele\/files\/2012\/10\/Escola-Correia-Mateus-150x150.png\" alt=\"\" width=\"75\" height=\"74\" \/><\/a><\/p>\n<p>\u25c6 Agrupamento de Escolas <strong>Caranguejeira \/ Sta. Catarina da Serra<\/strong>\u00a0\u00a0\u2014 Escola de Vale Sumo \u2014 <a title=\"Agrupamento de Escolas Caranguejeira \/ Sta. Catarina da Serra\" href=\"http:\/\/www.agcorreiaalexandre.com\/\" target=\"_blank\">http:\/\/www.agcorreiaalexandre.com\/<\/a><br \/>\n<a href=\"http:\/\/sites.ipleiria.pt\/tel4ele\/files\/2012\/10\/Logo-Agrupamento-J-Serra.jpg\"><img loading=\"lazy\" decoding=\"async\" class=\"alignnone  wp-image-164\" src=\"http:\/\/sites.ipleiria.pt\/tel4ele\/files\/2012\/10\/Logo-Agrupamento-J-Serra-150x150.jpg\" alt=\"\" width=\"85\" height=\"44\" \/><\/a>\u00a0<a href=\"http:\/\/sites.ipleiria.pt\/tel4ele\/files\/2012\/10\/Escola-de-Vale-Sumo.jpg\"><img loading=\"lazy\" decoding=\"async\" class=\"alignnone  wp-image-165\" src=\"http:\/\/sites.ipleiria.pt\/tel4ele\/files\/2012\/10\/Escola-de-Vale-Sumo-150x150.jpg\" alt=\"\" width=\"85\" height=\"89\" \/><\/a><\/p>\n","protected":false},"excerpt":{"rendered":"<p>&nbsp; \u00a0 No desenvolvimento do Projeto, a Escola Superior de Educa\u00e7\u00e3o e Ci\u00eancias\u00a0Sociais (ESECS) do Instituto Polit\u00e9cnico de Leiria\u00a0\u00a0\u2014\u00a0 http:\/\/www.esecs.ipleiria.pt\/\u00a0\u2014 conta com a colabora\u00e7\u00e3o dos seguintes parceiros: \u25c6 TeL4ELE (s\u00edtio europeu) \u2014 http:\/\/tel4ele.eu \u25c6 Instituto de Lingu\u00edstica Te\u00f3rica e Computacional &hellip; <a href=\"https:\/\/sites.ipleiria.pt\/tel4ele\/parceiros\/\">Continue reading <span class=\"meta-nav\">&rarr;<\/span><\/a><\/p>\n","protected":false},"author":102,"featured_media":0,"parent":0,"menu_order":5,"comment_status":"closed","ping_status":"closed","template":"","meta":{"footnotes":""},"class_list":["post-14","page","type-page","status-publish","hentry"],"_links":{"self":[{"href":"https:\/\/sites.ipleiria.pt\/tel4ele\/wp-json\/wp\/v2\/pages\/14","targetHints":{"allow":["GET"]}}],"collection":[{"href":"https:\/\/sites.ipleiria.pt\/tel4ele\/wp-json\/wp\/v2\/pages"}],"about":[{"href":"https:\/\/sites.ipleiria.pt\/tel4ele\/wp-json\/wp\/v2\/types\/page"}],"author":[{"embeddable":true,"href":"https:\/\/sites.ipleiria.pt\/tel4ele\/wp-json\/wp\/v2\/users\/102"}],"replies":[{"embeddable":true,"href":"https:\/\/sites.ipleiria.pt\/tel4ele\/wp-json\/wp\/v2\/comments?post=14"}],"version-history":[{"count":28,"href":"https:\/\/sites.ipleiria.pt\/tel4ele\/wp-json\/wp\/v2\/pages\/14\/revisions"}],"predecessor-version":[{"id":179,"href":"https:\/\/sites.ipleiria.pt\/tel4ele\/wp-json\/wp\/v2\/pages\/14\/revisions\/179"}],"wp:attachment":[{"href":"https:\/\/sites.ipleiria.pt\/tel4ele\/wp-json\/wp\/v2\/media?parent=14"}],"curies":[{"name":"wp","href":"https:\/\/api.w.org\/{rel}","templated":true}]}}