{"id":112,"date":"2019-01-29T10:19:27","date_gmt":"2019-01-29T10:19:27","guid":{"rendered":"http:\/\/sites.ipleiria.pt\/terceirosetor\/?page_id=112"},"modified":"2019-01-29T10:59:27","modified_gmt":"2019-01-29T10:59:27","slug":"112-2","status":"publish","type":"page","link":"https:\/\/sites.ipleiria.pt\/terceirosetor\/eventos\/112-2\/","title":{"rendered":"II Encontro"},"content":{"rendered":"<header class=\"entry-header\">\n<h1>Apresenta\u00e7\u00e3o<\/h1>\n<p><strong>II Encontro de Organiza\u00e7\u00f5es Sociais<\/strong><br \/>\n<em>Escola Superior de Educa\u00e7\u00e3o e Ci\u00eancias Sociais \u2013 Instituto Polit\u00e9cnico de Leiria<\/em><br \/>\n<em>Ter\u00e7a-Feira, 19 abril 2016<\/em><\/p>\n<p>\u2014<br \/>\nAo longo dos \u00faltimos anos o peso das organiza\u00e7\u00f5es sociais no \u00e2mbito dos est\u00e1gios curriculares da \u00e1rea social da Escola Superior de Educa\u00e7\u00e3o e Ci\u00eancias Sociais (ESECS) tem vindo a crescer significativamente, sendo uma componente fundamental na forma\u00e7\u00e3o acad\u00e9mica, profissional e pessoal dos nossos estudantes. Assim, com o objetivo de aproximar a forma\u00e7\u00e3o acad\u00e9mica dos estudantes \u00e0s pr\u00e1ticas profissionais de trabalho social vai ser dinamizado o 2\u00ba\u00a0Encontro com\u00a0organiza\u00e7\u00f5es sociais que acolhem estudantes estagi\u00e1rios da ESECS no presente ano letivo.<\/p>\n<p>Durante o encontro, v\u00e1rias institui\u00e7\u00f5es v\u00e3o expor o trabalho social desenvolvido na sua organiza\u00e7\u00e3o com o intuito de melhor interagir com todos os convidados.<\/p>\n<h1><\/h1>\n<h1 class=\"entry-title\">Programa<\/h1>\n<\/header>\n<div class=\"entry-content\">\n<p><strong>9h00\u00a0<em>Montagem dos expositores por parte das institui\u00e7\u00f5es<\/em><\/strong><\/p>\n<hr \/>\n<p><strong>9h30\u00a0<em>Sess\u00e3o de Abertura (Audit\u00f3rio 1)\u00a0<\/em><\/strong><br \/>\nRui Matos \u2013 Diretor da ESECS<br \/>\nRui Santos \u2013 Projeto Formac\u0327a\u0303o e Empregabilidade, ESECS<br \/>\nSara M\u00f3nico \u2013 Projeto Formac\u0327a\u0303o e Empregabilidade, ESECS<\/p>\n<hr \/>\n<p><strong>10h00\u00a0<em>Exposic\u0327a\u0303o e mostra de pra\u0301ticas de trabalho social<\/em><\/strong><br \/>\nEspac\u0327o a designar (Hall de entrada e S0.19\u2026) (bancas com diversas organizac\u0327o\u0303es sociais e empresas para apresentac\u0327a\u0303o e partilha de trabalho dando relevo ao trabalho desenvolvido pelo estagia\u0301rio, aluno da ESECS.<\/p>\n<hr \/>\n<p><strong>12h30\u00a0<em>Almo\u00e7o<\/em><\/strong><\/p>\n<hr \/>\n<p><strong>14h00\u00a0<em>Continua\u00e7\u00e3o da exposi\u00e7\u00e3o e mostra de pr\u00e1ticas de trabalho social<\/em><\/strong><\/p>\n<hr \/>\n<p><strong>16h00\u00a0<em>Trajeto\u0301rias acade\u0301micas e experie\u0302ncias profissionais na a\u0301rea social (Audit\u00f3rio 1)<\/em><\/strong><br \/>\nDiplomados da ESECS na a\u0301rea social<\/p>\n<hr \/>\n<p><strong>17h00\u00a0<em>Encerramento<\/em><\/strong><\/p>\n<\/div>\n<p>&nbsp;<\/p>\n<p><em><strong>Apoio:<\/strong><\/em><\/p>\n<p><img loading=\"lazy\" decoding=\"async\" class=\"alignleft wp-image-137 size-full\" src=\"http:\/\/sites.ipleiria.pt\/terceirosetor\/files\/2019\/01\/Logos_Apoio.jpg\" alt=\"\" width=\"527\" height=\"107\" srcset=\"https:\/\/sites.ipleiria.pt\/terceirosetor\/files\/2019\/01\/Logos_Apoio.jpg 527w, https:\/\/sites.ipleiria.pt\/terceirosetor\/files\/2019\/01\/Logos_Apoio-300x61.jpg 300w\" sizes=\"auto, (max-width: 527px) 100vw, 527px\" \/><\/p>\n","protected":false},"excerpt":{"rendered":"<p>Apresenta\u00e7\u00e3o II Encontro de Organiza\u00e7\u00f5es Sociais Escola Superior de Educa\u00e7\u00e3o e Ci\u00eancias Sociais \u2013 Instituto Polit\u00e9cnico de Leiria Ter\u00e7a-Feira, 19 abril 2016 \u2014 Ao longo dos \u00faltimos anos o peso das organiza\u00e7\u00f5es sociais no \u00e2mbito dos est\u00e1gios curriculares da \u00e1rea social da Escola Superior de Educa\u00e7\u00e3o e Ci\u00eancias Sociais (ESECS) tem vindo a crescer significativamente,<a href=\"https:\/\/sites.ipleiria.pt\/terceirosetor\/eventos\/112-2\/\">[&#8230;]<\/a><\/p>\n","protected":false},"author":102,"featured_media":0,"parent":109,"menu_order":2,"comment_status":"closed","ping_status":"closed","template":"","meta":{"rop_custom_images_group":[],"rop_custom_messages_group":[],"rop_publish_now":"initial","rop_publish_now_accounts":[],"rop_publish_now_history":[],"rop_publish_now_status":"pending","footnotes":""},"class_list":["post-112","page","type-page","status-publish","hentry"],"_links":{"self":[{"href":"https:\/\/sites.ipleiria.pt\/terceirosetor\/wp-json\/wp\/v2\/pages\/112","targetHints":{"allow":["GET"]}}],"collection":[{"href":"https:\/\/sites.ipleiria.pt\/terceirosetor\/wp-json\/wp\/v2\/pages"}],"about":[{"href":"https:\/\/sites.ipleiria.pt\/terceirosetor\/wp-json\/wp\/v2\/types\/page"}],"author":[{"embeddable":true,"href":"https:\/\/sites.ipleiria.pt\/terceirosetor\/wp-json\/wp\/v2\/users\/102"}],"replies":[{"embeddable":true,"href":"https:\/\/sites.ipleiria.pt\/terceirosetor\/wp-json\/wp\/v2\/comments?post=112"}],"version-history":[{"count":7,"href":"https:\/\/sites.ipleiria.pt\/terceirosetor\/wp-json\/wp\/v2\/pages\/112\/revisions"}],"predecessor-version":[{"id":140,"href":"https:\/\/sites.ipleiria.pt\/terceirosetor\/wp-json\/wp\/v2\/pages\/112\/revisions\/140"}],"up":[{"embeddable":true,"href":"https:\/\/sites.ipleiria.pt\/terceirosetor\/wp-json\/wp\/v2\/pages\/109"}],"wp:attachment":[{"href":"https:\/\/sites.ipleiria.pt\/terceirosetor\/wp-json\/wp\/v2\/media?parent=112"}],"curies":[{"name":"wp","href":"https:\/\/api.w.org\/{rel}","templated":true}]}}