{"id":120,"date":"2019-01-29T10:24:48","date_gmt":"2019-01-29T10:24:48","guid":{"rendered":"http:\/\/sites.ipleiria.pt\/terceirosetor\/?page_id=120"},"modified":"2019-02-19T11:32:42","modified_gmt":"2019-02-19T11:32:42","slug":"seminario-2018","status":"publish","type":"page","link":"https:\/\/sites.ipleiria.pt\/terceirosetor\/eventos\/seminario-2018\/","title":{"rendered":"Semin\u00e1rio 2018"},"content":{"rendered":"<p><strong>SEMIN\u00c1RIO: <\/strong><strong>\u201cSupervis\u00e3o e Empregabilidade na \u00c1rea Social\u201d<\/strong><\/p>\n<p style=\"background: white; margin: 4.5pt 0cm 4.5pt 0cm;\"><span style=\"color: #000000;\"><span style=\"font-family: Calibri, sans-serif;\">Inserido na I\u00a0<\/span><span style=\"font-family: Calibri, sans-serif;\">Semana da Empregabilidade do Polit\u00e9cnico de Leiria,\u00a0<\/span><span style=\"font-family: Calibri, sans-serif;\">que se realiza entre os dias 20 e 23 de novembro 2018, c<\/span><span style=\"font-family: Calibri, sans-serif;\">om o objetivo de contribuir para a inser\u00e7\u00e3o profissional dos estudantes e diplomados na vida ativa, o semin\u00e1rio<em><strong> Supervis\u00e3o e Empregabilidade na \u00e1rea social<\/strong><\/em>, pretende discutir quest\u00f5es ligadas \u00e0 supervis\u00e3o do est\u00e1gio curricular e a transi\u00e7\u00e3o para o mercado trabalho, a partir da experi\u00eancia de diplomados da ESECS e de orientadores cient\u00edficos e institucionais que\u00a0 acompanham os estudantes neste processo.<\/span><\/span><\/p>\n<p>20 de Novembro, pelas 14:30 no audit\u00f3rio 1 da ESECS<\/p>\n<p><strong>Convidados:<\/strong><\/p>\n<p>&#8211; C\u00e2mara Municipal de Torres Novas \u2013 Dr\u00aa Susana Carvalho (supervisor institucional)<\/p>\n<p>&#8211; Patr\u00edcia Moita &#8211; estudante a realizar est\u00e1gio curricular em Servi\u00e7o Social<\/p>\n<p>&#8211; ESECS-IPLeiria &#8211; Prof\u00aa. Cezarina Maur\u00edcio\u00a0 (supervisora da ESECS\u00a0 do curso de Servi\u00e7o Social)<\/p>\n<p>&#8211;\u00a0 Junta de Freguesia de Vila C\u00e3 (Pombal) \u2013 Dr\u00aa Joana Henriques (Diplomada em Servi\u00e7o Social pela ESECS)<\/p>\n<p><a href=\"http:\/\/sites.ipleiria.pt\/terceirosetor\/files\/2019\/01\/Banner-Interior_2.png\"><img loading=\"lazy\" decoding=\"async\" class=\"alignnone size-medium wp-image-148\" src=\"http:\/\/sites.ipleiria.pt\/terceirosetor\/files\/2019\/01\/Banner-Interior_2-300x101.png\" alt=\"\" width=\"300\" height=\"101\" srcset=\"https:\/\/sites.ipleiria.pt\/terceirosetor\/files\/2019\/01\/Banner-Interior_2-300x101.png 300w, https:\/\/sites.ipleiria.pt\/terceirosetor\/files\/2019\/01\/Banner-Interior_2-768x258.png 768w, https:\/\/sites.ipleiria.pt\/terceirosetor\/files\/2019\/01\/Banner-Interior_2-1024x344.png 1024w, https:\/\/sites.ipleiria.pt\/terceirosetor\/files\/2019\/01\/Banner-Interior_2.png 1181w\" sizes=\"auto, (max-width: 300px) 100vw, 300px\" \/><\/a><\/p>\n<p><strong>Comiss\u00e3o Organizadora:<\/strong><\/p>\n<p>Prof. Doutor Crist\u00f3v\u00e3o Margarido<\/p>\n<p>Prof. Doutor Rui Santos<\/p>\n<p>Prof\u00aa Doutora Sara M\u00f3nico Lopes<\/p>\n<p>Curso de Educa\u00e7\u00e3o Social da ESECS<\/p>\n<p>Curso de Servi\u00e7o Social da ESECS<\/p>\n<p>CTeSP Interven\u00e7\u00e3o Social e Comunit\u00e1ria da ESECS<\/p>\n<p>CTeSP Interven\u00e7\u00e3o em Espa\u00e7os Educativos<\/p>\n<p>CICS.NOVA.IPLeiria<\/p>\n<p><a href=\"http:\/\/sites.ipleiria.pt\/terceirosetor\/eventos\/seminario-2018\/logos_cics_nova\/\"><img loading=\"lazy\" decoding=\"async\" class=\"alignleft wp-image-155 size-full\" src=\"http:\/\/sites.ipleiria.pt\/terceirosetor\/files\/2019\/02\/Logos_CIcs_nova-e1550575924375.jpg\" alt=\"\" width=\"400\" height=\"104\" \/><\/a><\/p>\n","protected":false},"excerpt":{"rendered":"<p>SEMIN\u00c1RIO: \u201cSupervis\u00e3o e Empregabilidade na \u00c1rea Social\u201d Inserido na I\u00a0Semana da Empregabilidade do Polit\u00e9cnico de Leiria,\u00a0que se realiza entre os dias 20 e 23 de novembro 2018, com o objetivo de contribuir para a inser\u00e7\u00e3o profissional dos estudantes e diplomados na vida ativa, o semin\u00e1rio Supervis\u00e3o e Empregabilidade na \u00e1rea social, pretende discutir quest\u00f5es ligadas<a href=\"https:\/\/sites.ipleiria.pt\/terceirosetor\/eventos\/seminario-2018\/\">[&#8230;]<\/a><\/p>\n","protected":false},"author":102,"featured_media":0,"parent":109,"menu_order":3,"comment_status":"closed","ping_status":"closed","template":"","meta":{"rop_custom_images_group":[],"rop_custom_messages_group":[],"rop_publish_now":"initial","rop_publish_now_accounts":[],"rop_publish_now_history":[],"rop_publish_now_status":"pending","footnotes":""},"class_list":["post-120","page","type-page","status-publish","hentry"],"_links":{"self":[{"href":"https:\/\/sites.ipleiria.pt\/terceirosetor\/wp-json\/wp\/v2\/pages\/120","targetHints":{"allow":["GET"]}}],"collection":[{"href":"https:\/\/sites.ipleiria.pt\/terceirosetor\/wp-json\/wp\/v2\/pages"}],"about":[{"href":"https:\/\/sites.ipleiria.pt\/terceirosetor\/wp-json\/wp\/v2\/types\/page"}],"author":[{"embeddable":true,"href":"https:\/\/sites.ipleiria.pt\/terceirosetor\/wp-json\/wp\/v2\/users\/102"}],"replies":[{"embeddable":true,"href":"https:\/\/sites.ipleiria.pt\/terceirosetor\/wp-json\/wp\/v2\/comments?post=120"}],"version-history":[{"count":9,"href":"https:\/\/sites.ipleiria.pt\/terceirosetor\/wp-json\/wp\/v2\/pages\/120\/revisions"}],"predecessor-version":[{"id":158,"href":"https:\/\/sites.ipleiria.pt\/terceirosetor\/wp-json\/wp\/v2\/pages\/120\/revisions\/158"}],"up":[{"embeddable":true,"href":"https:\/\/sites.ipleiria.pt\/terceirosetor\/wp-json\/wp\/v2\/pages\/109"}],"wp:attachment":[{"href":"https:\/\/sites.ipleiria.pt\/terceirosetor\/wp-json\/wp\/v2\/media?parent=120"}],"curies":[{"name":"wp","href":"https:\/\/api.w.org\/{rel}","templated":true}]}}