{"id":22,"date":"2015-04-28T10:27:08","date_gmt":"2015-04-28T10:27:08","guid":{"rendered":"http:\/\/sites.ipleiria.pt\/terceirosetor\/?page_id=22"},"modified":"2015-05-05T16:54:02","modified_gmt":"2015-05-05T16:54:02","slug":"contactos","status":"publish","type":"page","link":"https:\/\/sites.ipleiria.pt\/terceirosetor\/contactos\/","title":{"rendered":"Contactos"},"content":{"rendered":"<p><\/br><br \/>\n<strong>Rui Santos<\/strong> rui.d.santos@ipleiria.pt<br \/>\n<strong>Sara M\u00f3nico<\/strong> sara.lopes@ipleiria.pt<\/p>\n<p><strong>Projeto Forma\u00e7\u00e3o e Empregabilidade Social<\/strong><br \/>\nCIID-IPL, N\u00facleo de Leiria do CICS.NOVA<\/p>\n<p><strong>Escola Superior de Educa\u00e7\u00e3o e Ci\u00eancias Sociais, Leiria<\/strong><br \/>\nInstituto Polit\u00e9cnico de Leiria<br \/>\nCampus 1 &#8211; Rua Dr. Jo\u00e3o Soares &#8211;  Apartado 4045<br \/>\n2411-901 Leiria<br \/>\nTelf.(+351) 244 829 400<br \/>\nfes.esecs@ipleiria.pt<\/p>\n","protected":false},"excerpt":{"rendered":"<p>Rui Santos rui.d.santos@ipleiria.pt Sara M\u00f3nico sara.lopes@ipleiria.pt Projeto Forma\u00e7\u00e3o e Empregabilidade Social CIID-IPL, N\u00facleo de Leiria do CICS.NOVA Escola Superior de Educa\u00e7\u00e3o e Ci\u00eancias Sociais, Leiria Instituto Polit\u00e9cnico de Leiria Campus 1 &#8211; Rua Dr. Jo\u00e3o Soares &#8211; Apartado 4045 2411-901 Leiria Telf.(+351) 244 829 400 fes.esecs@ipleiria.pt<\/p>\n","protected":false},"author":102,"featured_media":0,"parent":0,"menu_order":0,"comment_status":"closed","ping_status":"closed","template":"","meta":{"rop_custom_images_group":[],"rop_custom_messages_group":[],"rop_publish_now":"initial","rop_publish_now_accounts":[],"rop_publish_now_history":[],"rop_publish_now_status":"pending","footnotes":""},"class_list":["post-22","page","type-page","status-publish","hentry"],"_links":{"self":[{"href":"https:\/\/sites.ipleiria.pt\/terceirosetor\/wp-json\/wp\/v2\/pages\/22","targetHints":{"allow":["GET"]}}],"collection":[{"href":"https:\/\/sites.ipleiria.pt\/terceirosetor\/wp-json\/wp\/v2\/pages"}],"about":[{"href":"https:\/\/sites.ipleiria.pt\/terceirosetor\/wp-json\/wp\/v2\/types\/page"}],"author":[{"embeddable":true,"href":"https:\/\/sites.ipleiria.pt\/terceirosetor\/wp-json\/wp\/v2\/users\/102"}],"replies":[{"embeddable":true,"href":"https:\/\/sites.ipleiria.pt\/terceirosetor\/wp-json\/wp\/v2\/comments?post=22"}],"version-history":[{"count":5,"href":"https:\/\/sites.ipleiria.pt\/terceirosetor\/wp-json\/wp\/v2\/pages\/22\/revisions"}],"predecessor-version":[{"id":79,"href":"https:\/\/sites.ipleiria.pt\/terceirosetor\/wp-json\/wp\/v2\/pages\/22\/revisions\/79"}],"wp:attachment":[{"href":"https:\/\/sites.ipleiria.pt\/terceirosetor\/wp-json\/wp\/v2\/media?parent=22"}],"curies":[{"name":"wp","href":"https:\/\/api.w.org\/{rel}","templated":true}]}}