{"id":33,"date":"2015-05-05T11:36:32","date_gmt":"2015-05-05T11:36:32","guid":{"rendered":"http:\/\/sites.ipleiria.pt\/terceirosetor\/?page_id=33"},"modified":"2019-01-29T12:00:27","modified_gmt":"2019-01-29T12:00:27","slug":"organizacao","status":"publish","type":"page","link":"https:\/\/sites.ipleiria.pt\/terceirosetor\/organizacao\/","title":{"rendered":"Organiza\u00e7\u00e3o"},"content":{"rendered":"<p><strong>Projeto Forma\u00e7\u00e3o e Empregabilidade Social<\/strong><br \/>\nCICS.NOVA.IPLEIRIA<\/p>\n<p>CET em Servi\u00e7o Social e Desenvolvimento Comunit\u00e1rio<br \/>\nLicenciatura em Servi\u00e7o Social<br \/>\nLicenciatura em Educa\u00e7\u00e3o Social<br \/>\nMestrado em Media\u00e7\u00e3o Intercultural e Interven\u00e7\u00e3o Social<br \/>\nMestrado em Interven\u00e7\u00e3o e Anima\u00e7\u00e3o Art\u00edsticas<br \/>\nMestrado em Interven\u00e7\u00e3o para um Envelhecimento Ativo<\/p>\n","protected":false},"excerpt":{"rendered":"<p>Projeto Forma\u00e7\u00e3o e Empregabilidade Social CICS.NOVA.IPLEIRIA CET em Servi\u00e7o Social e Desenvolvimento Comunit\u00e1rio Licenciatura em Servi\u00e7o Social Licenciatura em Educa\u00e7\u00e3o Social Mestrado em Media\u00e7\u00e3o Intercultural e Interven\u00e7\u00e3o Social Mestrado em Interven\u00e7\u00e3o e Anima\u00e7\u00e3o Art\u00edsticas Mestrado em Interven\u00e7\u00e3o para um Envelhecimento Ativo<\/p>\n","protected":false},"author":2303,"featured_media":0,"parent":0,"menu_order":0,"comment_status":"closed","ping_status":"closed","template":"","meta":{"rop_custom_images_group":[],"rop_custom_messages_group":[],"rop_publish_now":"initial","rop_publish_now_accounts":[],"rop_publish_now_history":[],"rop_publish_now_status":"pending","footnotes":""},"class_list":["post-33","page","type-page","status-publish","hentry"],"_links":{"self":[{"href":"https:\/\/sites.ipleiria.pt\/terceirosetor\/wp-json\/wp\/v2\/pages\/33","targetHints":{"allow":["GET"]}}],"collection":[{"href":"https:\/\/sites.ipleiria.pt\/terceirosetor\/wp-json\/wp\/v2\/pages"}],"about":[{"href":"https:\/\/sites.ipleiria.pt\/terceirosetor\/wp-json\/wp\/v2\/types\/page"}],"author":[{"embeddable":true,"href":"https:\/\/sites.ipleiria.pt\/terceirosetor\/wp-json\/wp\/v2\/users\/2303"}],"replies":[{"embeddable":true,"href":"https:\/\/sites.ipleiria.pt\/terceirosetor\/wp-json\/wp\/v2\/comments?post=33"}],"version-history":[{"count":15,"href":"https:\/\/sites.ipleiria.pt\/terceirosetor\/wp-json\/wp\/v2\/pages\/33\/revisions"}],"predecessor-version":[{"id":152,"href":"https:\/\/sites.ipleiria.pt\/terceirosetor\/wp-json\/wp\/v2\/pages\/33\/revisions\/152"}],"wp:attachment":[{"href":"https:\/\/sites.ipleiria.pt\/terceirosetor\/wp-json\/wp\/v2\/media?parent=33"}],"curies":[{"name":"wp","href":"https:\/\/api.w.org\/{rel}","templated":true}]}}