{"id":4,"date":"2015-04-22T16:50:38","date_gmt":"2015-04-22T16:50:38","guid":{"rendered":"http:\/\/sites.ipleiria.pt\/terceirosetor\/?page_id=4"},"modified":"2019-01-29T11:59:40","modified_gmt":"2019-01-29T11:59:40","slug":"apresentacao","status":"publish","type":"page","link":"https:\/\/sites.ipleiria.pt\/terceirosetor\/apresentacao\/","title":{"rendered":"Apresenta\u00e7\u00e3o"},"content":{"rendered":"<p><strong>Forma\u00e7\u00e3o e Empregabilidade Social na ESECS<\/strong><\/p>\n<p>Este projeto surge na sequ\u00eancia do acompanhamento de est\u00e1gios curriculares na \u00e1rea social da ESECS e na participa\u00e7\u00e3o no Encontro de Diretores T\u00e9cnicos do Distrito de Leiria, na qual o IPL foi parceiro em 2013.<\/p>\n<p>Muitas das Institui\u00e7\u00f5es\/Organiza\u00e7\u00f5es Sociais do Distrito de Leiria t\u00eam garantido est\u00e1gio e, tamb\u00e9m, oportunidades de trabalho aos estudantes dos cursos, na \u00e1rea social, da ESECS.<\/p>\n<p>As \u00faltimas not\u00edcias d\u00e3o conta do peso importante dos Polit\u00e9cnicos na forma\u00e7\u00e3o, empregabilidade e desenvolvimento da economia regional onde se inserem. O IPL \u00e9 disso um exemplo. Neste sentido, sentimos necessidade de desenvolver um projeto que, por um lado, ajude a fomentar o emprego para os nossos estudantes junto das Organiza\u00e7\u00f5es Sociais e que, por outro lado, consiga divulgar e promover a oferta formativa da ESECS (CET, TeSP, 1\u00ba e 2\u00ba Ciclos).<\/p>\n<p><strong><u>Destinat\u00e1rios<\/u><\/strong><\/p>\n<p>Cursos de Especializa\u00e7\u00e3o Tecnol\u00f3gica (CET)<\/p>\n<ul>\n<li><em>Servi\u00e7o Social e Desenvolvimento Comunit\u00e1rio<\/em><\/li>\n<\/ul>\n<p>Cursos T\u00e9cnicos Superiores Profissionais (TeSP)<\/p>\n<p>Licenciaturas (1\u00ba Ciclo)<\/p>\n<ul>\n<li><em>Educa\u00e7\u00e3o Social<\/em><\/li>\n<li><em>Servi\u00e7o Social<\/em><\/li>\n<\/ul>\n<p>Mestrados (1\u00ba Ciclo)<\/p>\n<ul>\n<li><em>Media\u00e7\u00e3o Intercultural e Interven\u00e7\u00e3o Social<\/em><\/li>\n<li><em>Interven\u00e7\u00e3o para um Envelhecimento Ativo<\/em><\/li>\n<li><em>Interven\u00e7\u00e3o e Anima\u00e7\u00e3o Art\u00edsticas<\/em><\/li>\n<\/ul>\n<p><em>\u00a0<\/em><\/p>\n<p><strong><u>Objetivos<\/u><\/strong><\/p>\n<p>&#8211; Promover o emprego nos estudantes e ex-alunos da \u00e1rea social da ESECS;<\/p>\n<p>&#8211; Divulgar a oferta formativa na \u00e1rea social da ESECS, junto das Institui\u00e7\u00f5es\/Organiza\u00e7\u00f5es Sociais do distrito de Leiria;<\/p>\n<p>&#8211; Aprofundar o conhecimento e a investiga\u00e7\u00e3o sobre a forma\u00e7\u00e3o, percursos e empregabilidade dos diversos cursos da \u00e1rea social da ESECS.<\/p>\n<p>&nbsp;<\/p>\n<p><strong><u>Resultados\/Impacto<\/u><\/strong><\/p>\n<p>&#8211; Maior motiva\u00e7\u00e3o dos alunos;<\/p>\n<p>&#8211; A ESECS como promotora de emprego;<\/p>\n<p>&#8211; Aumento das perspetivas de emprego na \u00e1rea social;<\/p>\n<p>&#8211; Maior aproxima\u00e7\u00e3o \u00e0s Institui\u00e7\u00f5es\/Organiza\u00e7\u00f5es Sociais do distrito de Leiria;<\/p>\n<p>&#8211; Maior divulga\u00e7\u00e3o da oferta formativa da ESECS na \u00e1rea social;<\/p>\n<p>&#8211; Maior n\u00famero de candidaturas nos cursos da ESECS;<\/p>\n<p>&#8211; Afirma\u00e7\u00e3o da ESECS como Escola de refer\u00eancia na \u00e1rea social.<\/p>\n<p>&nbsp;<\/p>\n<p><strong><u>Filia\u00e7\u00e3o do projeto<\/u><\/strong><\/p>\n<p>CICS.NOVA.IPLEIRIA<\/p>\n","protected":false},"excerpt":{"rendered":"<p>Forma\u00e7\u00e3o e Empregabilidade Social na ESECS Este projeto surge na sequ\u00eancia do acompanhamento de est\u00e1gios curriculares na \u00e1rea social da ESECS e na participa\u00e7\u00e3o no Encontro de Diretores T\u00e9cnicos do Distrito de Leiria, na qual o IPL foi parceiro em 2013. Muitas das Institui\u00e7\u00f5es\/Organiza\u00e7\u00f5es Sociais do Distrito de Leiria t\u00eam garantido est\u00e1gio e, tamb\u00e9m, oportunidades<a href=\"https:\/\/sites.ipleiria.pt\/terceirosetor\/apresentacao\/\">[&#8230;]<\/a><\/p>\n","protected":false},"author":102,"featured_media":0,"parent":0,"menu_order":0,"comment_status":"closed","ping_status":"closed","template":"","meta":{"rop_custom_images_group":[],"rop_custom_messages_group":[],"rop_publish_now":"initial","rop_publish_now_accounts":[],"rop_publish_now_history":[],"rop_publish_now_status":"pending","footnotes":""},"class_list":["post-4","page","type-page","status-publish","hentry"],"_links":{"self":[{"href":"https:\/\/sites.ipleiria.pt\/terceirosetor\/wp-json\/wp\/v2\/pages\/4","targetHints":{"allow":["GET"]}}],"collection":[{"href":"https:\/\/sites.ipleiria.pt\/terceirosetor\/wp-json\/wp\/v2\/pages"}],"about":[{"href":"https:\/\/sites.ipleiria.pt\/terceirosetor\/wp-json\/wp\/v2\/types\/page"}],"author":[{"embeddable":true,"href":"https:\/\/sites.ipleiria.pt\/terceirosetor\/wp-json\/wp\/v2\/users\/102"}],"replies":[{"embeddable":true,"href":"https:\/\/sites.ipleiria.pt\/terceirosetor\/wp-json\/wp\/v2\/comments?post=4"}],"version-history":[{"count":16,"href":"https:\/\/sites.ipleiria.pt\/terceirosetor\/wp-json\/wp\/v2\/pages\/4\/revisions"}],"predecessor-version":[{"id":151,"href":"https:\/\/sites.ipleiria.pt\/terceirosetor\/wp-json\/wp\/v2\/pages\/4\/revisions\/151"}],"wp:attachment":[{"href":"https:\/\/sites.ipleiria.pt\/terceirosetor\/wp-json\/wp\/v2\/media?parent=4"}],"curies":[{"name":"wp","href":"https:\/\/api.w.org\/{rel}","templated":true}]}}