{"id":127,"date":"2019-03-04T01:20:13","date_gmt":"2019-03-04T01:20:13","guid":{"rendered":"http:\/\/sites.ipleiria.pt\/ciac\/?page_id=127"},"modified":"2019-03-04T01:24:29","modified_gmt":"2019-03-04T01:24:29","slug":"accommodation","status":"publish","type":"page","link":"https:\/\/sites.ipleiria.pt\/ciac\/en\/accommodation\/","title":{"rendered":"Accommodation"},"content":{"rendered":"<p><strong>HOTELS AND HOSTELS LOCATED WITHIN THE CITY OF LEIRIA<br \/>\n<\/strong><a href=\"https:\/\/drive.google.com\/open?id=1rNr7qm8dAZ3ySBYozxsc5pYT56MkNqOv&amp;usp=sharing\"><em>Check the map view of the venue here.\u00a0<\/em><\/a><\/p>\n<p>The following list presents several options for Hotels and Hostels located within the city of Leiria.\u00a0Note that the list is not extensive and that some of the options are at a walking distance from the venue, others will require using the local city bus (<a href=\"https:\/\/mobilis.pt\/en\/home\/\" target=\"_blank\" rel=\"noopener\">Mobilis<\/a>), or\u00a0travelling by car.<\/p>\n<p><strong>Hotel Eurosol Jardim***<\/strong> \u2013 <a href=\"https:\/\/www.eurosol.pt\/pt\/hotel\/eurosol-leiria-jardim-2\" target=\"_blank\" rel=\"noopener\">https:\/\/www.eurosol.pt\/pt\/hotel\/eurosol-leiria-jardim-2<\/a><br \/>\nGPS: N 39\u00ba 44\u00b4 22.23\u00b4 | W 8\u00ba 48\u00b4 35.85\u00b4<br \/>\nT +351 244 849 849 \u2013 <a href=\"mailto:leiria@eurosol.pt\" target=\"_blank\" rel=\"noopener\">leiria@eurosol.pt<\/a><br \/>\n<em><a href=\"https:\/\/mobilis.pt\/en\/home\/\" target=\"_blank\" rel=\"noopener\">Mobilis<\/a> stop: C\u00e2mara Municipal\/ESEL (Line 1\/Green and Line 2\/Red)<\/em><\/p>\n<p><strong>Hotel Leiria Classic *<\/strong> \u2013 <a href=\"http:\/\/www.hotelleiriaclassic.pt\" target=\"_blank\" rel=\"noopener\">www.hotelleiriaclassic.pt<\/a> \/ <a href=\"http:\/\/www.facebook.com\/hotelleiriaclassic\" target=\"_blank\" rel=\"noopener\">www.facebook.com\/hotelleiriaclassic<\/a><br \/>\nT +351 244 812 802 \u2013 <a href=\"mailto:geral@hotelleiriaclassic.pt\" target=\"_blank\" rel=\"noopener\">geral@hotelleiriaclassic.pt<\/a><br \/>\n<em><a href=\"https:\/\/mobilis.pt\/en\/home\/\" target=\"_blank\" rel=\"noopener\">Mobilis<\/a> stop: Fonte das 3 Bicas (Line 2\/Red)<\/em><\/p>\n<p><strong>Hotel S\u00e3o Luis***<\/strong> \u2013 <a href=\"http:\/\/www.saoluishotel.com\" target=\"_blank\" rel=\"noopener\">www.saoluishotel.com<\/a><br \/>\nGPS: N 39\u00b0 44\u2032 28.811\u2033 \u00a0| 8\u00b0 48\u2032 15.222\u2033 W<br \/>\nT +351 244 848 370 \u2013 <a href=\"mailto:hotelsluis@gmail.com\" target=\"_blank\" rel=\"noopener\">hotelsluis@gmail.com<\/a><br \/>\n<em><a href=\"https:\/\/mobilis.pt\/en\/home\/\" target=\"_blank\" rel=\"noopener\">Mobilis<\/a> stop: Av. Marqu\u00eas de Pombal (Line 1\/Green and Line 2\/Red)<\/em><\/p>\n<p><strong>Porta 20 Boutique Guesthouse<\/strong> \u2013 <a href=\"https:\/\/porta20leiria.com\/\" target=\"_blank\" rel=\"noopener\">https:\/\/porta20leiria.com\/<\/a><br \/>\nT: +351 962 343 463 \u00a0\u2013 <a href=\"mailto:ola@porta20leiria.com\" target=\"_blank\" rel=\"noopener\">ola@porta20leiria.com<\/a><br \/>\n<em><a href=\"https:\/\/mobilis.pt\/en\/home\/\" target=\"_blank\" rel=\"noopener\">Mobilis<\/a> stop: Av. Marqu\u00eas de Pombal (Line 1\/Green and Line 2\/Red)<\/em><\/p>\n<p><strong>Hotel D. Dinis**<\/strong> \u2013 <a href=\"http:\/\/www.hotelddinis.pt\" target=\"_blank\" rel=\"noopener\">www.hotelddinis.pt<\/a><br \/>\nGPS: N 39\u00ba 44\u00b4 37.21\u00b4\u00b4| W 8\u00ba 48\u00b4 14.26\u00b4\u00b4<br \/>\nT +351 244 815 342 \/ 3 \u2013 <a href=\"mailto:info@hotelddinis.pt\" target=\"_blank\" rel=\"noopener\">info@hotelddinis.pt<\/a><br \/>\n<em><a href=\"https:\/\/mobilis.pt\/en\/home\/\" target=\"_blank\" rel=\"noopener\">Mobilis<\/a> stop: Bombeiros Municipais (Line 1\/Green and Line 2\/Red)<\/em><\/p>\n<p><strong>Hotel Leiriense**<\/strong> \u2013 <a href=\"http:\/\/www.hotelleiriense.com\" target=\"_blank\" rel=\"noopener\">www.hotelleiriense.com<\/a><br \/>\nGPS: 39\u00ba44\u201942.5\u2019\u2019N | 8\u00ba47\u201957.82\u2019\u2019W<br \/>\nT +351 244 823 054 \u2013 <a href=\"mailto:info@hotelleiriense.com\" target=\"_blank\" rel=\"noopener\">info@hotelleiriense.com<\/a><br \/>\n<em><a href=\"https:\/\/mobilis.pt\/en\/home\/\" target=\"_blank\" rel=\"noopener\">Mobilis<\/a> stop<\/em>: <em>Jardim Lu\u00eds de Cam\u00f5es (Line 1\/Green)<br \/>\n<a href=\"https:\/\/mobilis.pt\/en\/home\/\" target=\"_blank\" rel=\"noopener\">Mobilis<\/a> stop: Fonte das 3 Bicas or Largo C\u00f3nego Maia S\u00e9 (Line 2\/Red)<\/em><\/p>\n<p><strong>Mostart Boutique Hostel<\/strong> \u2013 <a href=\"http:\/\/www.mostarthostel.com\" target=\"_blank\" rel=\"noopener\">www.mostarthostel.com<\/a><br \/>\nT +351 913860575<br \/>\n<em><a href=\"https:\/\/mobilis.pt\/en\/home\/\" target=\"_blank\" rel=\"noopener\">Mobilis<\/a> stop: <\/em><em>Av. N. S. F\u00e1tima. Sra. da Encarna\u00e7\u00e3o (Line 1\/Green and Line 2\/Red)<\/em><\/p>\n<p><strong>Atlas Hostel<\/strong> \u2013 <a href=\"http:\/\/www.atlashostel-leiria.com\/\" target=\"_blank\" rel=\"noopener\">http:\/\/www.atlashostel-leiria.com\/<\/a><br \/>\nT +351 917460810 \u2013 <a href=\"mailto:atlasleiria@gmail.com\" target=\"_blank\" rel=\"noopener\">atlasleiria@gmail.com<\/a><br \/>\n<em><a href=\"https:\/\/mobilis.pt\/en\/home\/\" target=\"_blank\" rel=\"noopener\">Mobilis<\/a> stop:\u00a0Jardim Lu\u00eds de Cam\u00f5es (Line 1\/Green); Fonte das 3 Bicas or Largo C\u00f3nego Maia S\u00e9 (Line 2\/Red)<\/em><\/p>\n<p><strong>La Palma Hostel Leiria<\/strong> \u2013 <a href=\"https:\/\/la-palma-hostel-leiria.business.site\" target=\"_blank\" rel=\"noopener\">https:\/\/la-palma-hostel-leiria.business.site<\/a><br \/>\nT +351 917460810<br \/>\n<em><a href=\"https:\/\/mobilis.pt\/en\/home\/\" target=\"_blank\" rel=\"noopener\">Mobilis<\/a> stop<\/em>: <em>Jardim Lu\u00eds de Cam\u00f5es (Line 1\/Green); Fonte das 3 Bicas or Largo C\u00f3nego Maia S\u00e9 (Line 2\/Red)<\/em><\/p>\n<p><strong>Eurosol Residence \u2013 Hotel Apartamento ****<\/strong> \u2013 <a href=\"http:\/\/www.eurosol.pt\" target=\"_blank\" rel=\"noopener\">www.eurosol.pt<\/a><br \/>\nGPS: N 39\u00ba 44\u00b4 44.52\u00b4\u00b4 | W 8\u00ba 48\u00b4 09.87\u00b4\u00b4<br \/>\nT +351 244 860 460 \u2013 <a href=\"mailto:residence@eurosol.pt\" target=\"_blank\" rel=\"noopener\">residence@eurosol.pt<\/a><br \/>\n<em><a href=\"https:\/\/mobilis.pt\/en\/home\/\" target=\"_blank\" rel=\"noopener\">Mobilis<\/a> stop:<\/em>\u00a0<em>Lg Jos\u00e9 L\u00facio (Line 1\/Green and Line 2\/Red)<\/em><\/p>\n<p><strong>Hotel S\u00e3o Francisco *<\/strong> \u2013 <a href=\"http:\/\/www.hotelsfrancisco.net\" target=\"_blank\" rel=\"noopener\">www.hotelsfrancisco.net <\/a>\/ \u00a0<a href=\"http:\/\/www.facebook.com\/pages\/Hotel-S%C3%A3o-Francisco\/210003705813721\" target=\"_blank\" rel=\"noopener\">www.facebook.com\/pages\/Hotel-S%C3%A3o-Francisco\/210003705813721<\/a><br \/>\nGPS: 39\u00ba44\u201952.8\u2019\u2019N | 8\u00ba48\u201912.9\u2019\u2019W<br \/>\nT +351 244 823 110 \u2013 <a href=\"mailto:geral@hotelsfrancisco.net\" target=\"_blank\" rel=\"noopener\">geral@hotelsfrancisco.net<\/a><br \/>\n<em><a href=\"https:\/\/mobilis.pt\/en\/home\/\" target=\"_blank\" rel=\"noopener\">Mobilis<\/a> stop: <\/em><em>Lg Jos\u00e9 L\u00facio (Line 1\/Green and Line 2\/Red)<\/em><\/p>\n<p><strong>Hotel Tryp Leiria ****<\/strong> \u2013 <a href=\"http:\/\/www.trypleiria.com\" target=\"_blank\" rel=\"noopener\">www.trypleiria.com<\/a> \/ <a href=\"http:\/\/www.facebook.com\/TrypLeiria\" target=\"_blank\" rel=\"noopener\">www.facebook.com\/TrypLeiria<\/a><br \/>\nGPS: 39\u00b0 45\u2032 13.320\u2033 N |8\u00b0 48\u2032 47.520\u2033 W<br \/>\nT +351 244 249 900 \u2013 <a href=\"mailto:tryp.leiria@meliaportugal.com\" target=\"_blank\" rel=\"noopener\">tryp.leiria@meliaportugal.com<\/a><br \/>\n<em><a href=\"https:\/\/mobilis.pt\/en\/home\/\" target=\"_blank\" rel=\"noopener\">Mobilis<\/a> stop: Almo\u00ednha Grande or Bairro das Almo\u00ednhas (Line 1\/Green and Line 2\/Red)<\/em><\/p>\n<p><strong>Hotel Casa da Nora **<\/strong> \u2013 <a href=\"http:\/\/www.casadanora.com\" target=\"_blank\" rel=\"noopener\">www.casadanora.com<\/a> \/ <a href=\"http:\/\/www.facebook.com\/HotelRuralERestauranteCasaDaNora\" target=\"_blank\" rel=\"noopener\">www.facebook.com\/HotelRuralERestauranteCasaDaNora<\/a><br \/>\nGPS: 39\u00ba 42\u2032 2\u201d N | \u2013 8\u00ba 47\u2032 15\u201d W<br \/>\nT\/F +351 244 891 189 \u2013 <a href=\"mailto:geral@casadanora.com\" target=\"_blank\" rel=\"noopener\">geral@casadanora.com<\/a><br \/>\n<em><a href=\"https:\/\/mobilis.pt\/en\/home\/\" target=\"_blank\" rel=\"noopener\">Mobilis<\/a> stop: Junta de Freguesia. Rua Helena Aboim L. Vieira. Rua Santa Maria (Line 8\/Yellow)<\/em><\/p>\n<p><strong>Hotel Ibis Leiria-F\u00e1tima **<\/strong> \u2013 <a href=\"http:\/\/www.ibis.com\/pt\/hotel-3340-ibis-leiria-fatima\/index.shtml#overview\" target=\"_blank\" rel=\"noopener\">http:\/\/www.ibis.com\/pt\/hotel-3340-ibis-leiria-fatima\/index.shtml#overview<\/a><br \/>\nGPS: N 39\u00ba 44\u00b4 8.45\u00b4\u00b4 | W 8\u00ba 47\u00b4 57.82\u00b4\u00b4<br \/>\nT +351 244 816 700 \u2013 <a href=\"mailto:h3340@accor.com\" target=\"_blank\" rel=\"noopener\">h3340@accor.com<\/a><br \/>\n<em><a href=\"https:\/\/mobilis.pt\/en\/home\/\" target=\"_blank\" rel=\"noopener\">Mobilis<\/a> stop: <\/em><em>Av. N. S. F\u00e1tima (Line 1\/Green and Line 2\/Red)<\/em><\/p>\n<p>&nbsp;<\/p>\n<p><strong>HOTELS AND HOSTELS LOCATED OUTSIDE LEIRIA<\/strong><br \/>\nFor those who wish to stay outside the city there are plenty of accommodation options. The following list presents just a few. All these options will require using a car.<\/p>\n<ul>\n<li><b>MONTE REDONDO<\/b>\n<ul>\n<li><b>Villas da Fonte Leisure &amp; Nature \u2013 Hotel Apartamento **** \u2013\u00a0<a href=\"http:\/\/www.villasdafonte.pt\/\">www.villasdafonte.pt<\/a><br \/>\n<\/b>GPS: 39\u00b053\u201926.37\u2033 N | 8\u00b051\u201906.70\u2033 W<br \/>\nT +351 244 004 031 | 915 809 303 \/\u00a0geral@villasdafonte.pt<br \/>\n<a href=\"https:\/\/www.facebook.com\/profile.php?id=100010039684368\">www.facebook.com\/profile.php?id=100010039684368<\/a><\/li>\n<\/ul>\n<\/li>\n<li><b>BATALHA <\/b>\n<ul>\n<li><b>Hotel Residencial Batalha*** \u2013\u00a0<\/b><a href=\"http:\/\/www.hotel-batalha.com\/\">http:\/\/www.hotel-batalha.com\/<\/a><b><br \/>\n<\/b>T: +351 244 767 500 \u2013\u00a0<a href=\"mailto:info@hotel-batalha.com\">info@hotel-batalha.com<\/a><\/li>\n<li><strong>Hotel Villa Batalha****<\/strong> \u2013<a href=\"http:\/\/www.hotelvillabatalha.com\/\">http:\/\/www.hotelvillabatalha.com\/<\/a><br \/>\nT: +351 244 240400 \/\u00a0<a href=\"mailto:geral@hotelvillabatalha.pt\">geral@hotelvillabatalha.pt<\/a><\/li>\n<li><strong>Hotel Lis Batalha \u2013 Mestre Afonso Domingues****<\/strong> \u2013 <a href=\"https:\/\/www.hotellisbatalha.pt\/\">https:\/\/www.hotellisbatalha.pt\/<\/a><br \/>\nT: +351 244 765 260 \/\u00a0<a href=\"mailto:hotel@hotellisbatalha.pt\">hotel@hotellisbatalha.pt\u00a0<\/a><\/li>\n<\/ul>\n<\/li>\n<li><strong>PRAIA DA VIEIRA<\/strong>\n<ul>\n<li><strong>Vieira Oceans &amp; SPA<\/strong> \u2013\u00a0<a href=\"http:\/\/www.hoteiscristal.pt\/hotel_cristal_vieira_praia\/en\/vieira-oceans-spa.html\">http:\/\/www.hoteiscristal.pt\/hotel_cristal_vieira_praia\/en\/vieira-oceans-spa.html<\/a><br \/>\nT: +351 244 699 060 \/ <a href=\"mailto:comercial@hoteiscristal.pt\">comercial@hoteiscristal.pt<\/a><\/li>\n<\/ul>\n<\/li>\n<li><strong>\u00d3BIDOS<\/strong>\n<ul>\n<li><a href=\"http:\/\/www.obidos.pt\/CustomPages\/ShowPage.aspx?pageid=e82b6312-3b8c-4277-8feb-0db612e6cfe1\">Click here for a full list of hotels in the Historical Village of \u00d3bidos<\/a><\/li>\n<\/ul>\n<\/li>\n<\/ul>\n<p><em>Please note that there is no arrangement between CIAC2019 and the options listed on this page. We hope this information has been useful. <\/em><\/p>","protected":false},"excerpt":{"rendered":"<p>HOTELS AND HOSTELS LOCATED WITHIN THE CITY OF LEIRIA Check the map view of the venue here.\u00a0 The following list presents several options for Hotels and Hostels located within the city of Leiria.\u00a0Note that the list is not extensive and that some of the options are at a walking distance from the venue, others will [&hellip;]<\/p>\n","protected":false},"author":2184,"featured_media":0,"parent":0,"menu_order":0,"comment_status":"closed","ping_status":"closed","template":"","meta":{"ngg_post_thumbnail":0,"footnotes":""},"class_list":["post-127","page","type-page","status-publish","hentry"],"_links":{"self":[{"href":"https:\/\/sites.ipleiria.pt\/ciac\/en\/wp-json\/wp\/v2\/pages\/127","targetHints":{"allow":["GET"]}}],"collection":[{"href":"https:\/\/sites.ipleiria.pt\/ciac\/en\/wp-json\/wp\/v2\/pages"}],"about":[{"href":"https:\/\/sites.ipleiria.pt\/ciac\/en\/wp-json\/wp\/v2\/types\/page"}],"author":[{"embeddable":true,"href":"https:\/\/sites.ipleiria.pt\/ciac\/en\/wp-json\/wp\/v2\/users\/2184"}],"replies":[{"embeddable":true,"href":"https:\/\/sites.ipleiria.pt\/ciac\/en\/wp-json\/wp\/v2\/comments?post=127"}],"version-history":[{"count":2,"href":"https:\/\/sites.ipleiria.pt\/ciac\/en\/wp-json\/wp\/v2\/pages\/127\/revisions"}],"predecessor-version":[{"id":129,"href":"https:\/\/sites.ipleiria.pt\/ciac\/en\/wp-json\/wp\/v2\/pages\/127\/revisions\/129"}],"wp:attachment":[{"href":"https:\/\/sites.ipleiria.pt\/ciac\/en\/wp-json\/wp\/v2\/media?parent=127"}],"curies":[{"name":"wp","href":"https:\/\/api.w.org\/{rel}","templated":true}]}}